{"id":311,"date":"2026-04-13T04:59:46","date_gmt":"2026-04-13T04:59:46","guid":{"rendered":"https:\/\/noithat.azdigi.shop\/?post_type=product&#038;p=311"},"modified":"2026-04-15T13:57:42","modified_gmt":"2026-04-15T13:57:42","slug":"tu-giay","status":"publish","type":"product","link":"https:\/\/noithat.azdigi.shop\/?product=tu-giay","title":{"rendered":"T\u1ee7 gi\u00e0y"},"content":{"rendered":"<h2 data-start=\"0\" data-end=\"45\">T\u1ee7 gi\u00e0y n\u1ed9i th\u1ea5t YLA \u2013 G\u1ecdn g\u00e0ng v\u00e0 tinh t\u1ebf<\/h2>\n<p><!--more--><\/p>\n<p data-start=\"47\" data-end=\"211\">T\u1ee7 gi\u00e0y l\u00e0 m\u00f3n n\u1ed9i th\u1ea5t quan tr\u1ecdng trong m\u1ed7i gia \u0111\u00ecnh. N\u00f3 gi\u00fap gi\u1eef kh\u00f4ng gian lu\u00f4n s\u1ea1ch s\u1ebd v\u00e0 ng\u0103n n\u1eafp. N\u1ed9i th\u1ea5t YLA mang \u0111\u1ebfn c\u00e1c m\u1eabu t\u1ee7 gi\u00e0y v\u1eeba \u0111\u1eb9p v\u1eeba ti\u1ec7n d\u1ee5ng.<\/p>\n<p data-start=\"213\" data-end=\"389\">Thi\u1ebft k\u1ebf t\u1ee7 gi\u00e0y YLA theo phong c\u00e1ch hi\u1ec7n \u0111\u1ea1i. \u0110\u01b0\u1eddng n\u00e9t \u0111\u01a1n gi\u1ea3n v\u00e0 g\u1ecdn g\u00e0ng. M\u00e0u s\u1eafc ch\u1ee7 y\u1ebfu l\u00e0 tr\u1eafng, x\u00e1m ho\u1eb7c v\u00e2n g\u1ed7. Nh\u1edd v\u1eady, t\u1ee7 d\u1ec5 ph\u00f9 h\u1ee3p v\u1edbi nhi\u1ec1u kh\u00f4ng gian kh\u00e1c nhau.<\/p>\n<p data-start=\"391\" data-end=\"564\">T\u1ee7 \u0111\u01b0\u1ee3c b\u1ed1 tr\u00ed nhi\u1ec1u ng\u0103n ch\u1ee9a h\u1ee3p l\u00fd. Ng\u01b0\u1eddi d\u00f9ng c\u00f3 th\u1ec3 s\u1eafp x\u1ebfp gi\u00e0y d\u00e9p d\u1ec5 d\u00e0ng. C\u00e1ch thi\u1ebft k\u1ebf n\u00e0y gi\u00fap ti\u1ebft ki\u1ec7m di\u1ec7n t\u00edch hi\u1ec7u qu\u1ea3. Kh\u00f4ng gian l\u1ed1i v\u00e0o lu\u00f4n g\u1ecdn g\u00e0ng h\u01a1n.<\/p>\n<p data-start=\"566\" data-end=\"731\">Ch\u1ea5t li\u1ec7u t\u1ee7 \u0111\u01b0\u1ee3c l\u1ef1a ch\u1ecdn k\u1ef9 l\u01b0\u1ee1ng. S\u1ea3n ph\u1ea9m c\u00f3 \u0111\u1ed9 b\u1ec1n cao v\u00e0 s\u1eed d\u1ee5ng l\u00e2u d\u00e0i. B\u1ec1 m\u1eb7t t\u1ee7 d\u1ec5 lau ch\u00f9i v\u00e0 \u00edt b\u00e1m b\u1ee5i. \u0110i\u1ec1u n\u00e0y gi\u00fap vi\u1ec7c v\u1ec7 sinh tr\u1edf n\u00ean \u0111\u01a1n gi\u1ea3n h\u01a1n.<\/p>\n<p data-start=\"733\" data-end=\"878\">M\u1ed9t s\u1ed1 thi\u1ebft k\u1ebf c\u00f2n c\u00f3 m\u1eb7t t\u1ee7 ti\u1ec7n l\u1ee3i. Ng\u01b0\u1eddi d\u00f9ng c\u00f3 th\u1ec3 \u0111\u1eb7t \u0111\u1ed3 ho\u1eb7c trang tr\u00ed nh\u1eb9. \u0110i\u1ec1u n\u00e0y gi\u00fap t\u0103ng t\u00ednh ti\u1ec7n nghi trong sinh ho\u1ea1t h\u00e0ng ng\u00e0y.<\/p>\n<p data-start=\"880\" data-end=\"1035\" data-is-last-node=\"\" data-is-only-node=\"\">T\u1ee7 gi\u00e0y YLA kh\u00f4ng ch\u1ec9 \u0111\u1ec3 l\u01b0u tr\u1eef. N\u00f3 c\u00f2n g\u00f3p ph\u1ea7n t\u1ea1o \u1ea5n t\u01b0\u1ee3ng cho kh\u00f4ng gian s\u1ed1ng. \u0110\u00e2y l\u00e0 l\u1ef1a ch\u1ecdn ph\u00f9 h\u1ee3p cho nh\u1eefng ai y\u00eau th\u00edch s\u1ef1 g\u1ecdn g\u00e0ng v\u00e0 hi\u1ec7n \u0111\u1ea1i.<\/p>\n<p class=\"p1\"><span class=\"s1\"><a href=\"https:\/\/noithat.azdigi.shop\/?post_type=product\">MUA NGAY<\/a><\/span><\/p>\n<p class=\"p1\"><span class=\"s1\"><a href=\"https:\/\/winddecor.vn\/collections\/noi-that-phong-khach?gad_source=1&amp;gad_campaignid=23628784932&amp;gbraid=0AAAAACbXG4QNOibVLTOoO1eNhH7uvi3iU&amp;gclid=CjwKCAjwhe3OBhABEiwA6392zJysSEuOAtQR6Y5VZXtJeN3Ti6obWL-arFwcHbgFztYE2zLk11pS9RoCqMkQAvD_BwE\">XEM THEM<\/a><\/span><\/p>\n","protected":false},"excerpt":{"rendered":"<p>T\u1ee7 gi\u00e0y n\u1ed9i th\u1ea5t YLA \u2013 G\u1ecdn g\u00e0ng v\u00e0 tinh t\u1ebf<\/p>\n","protected":false},"featured_media":302,"comment_status":"open","ping_status":"closed","template":"","meta":[],"product_brand":[],"product_cat":[28],"product_tag":[],"class_list":{"0":"post-311","1":"product","2":"type-product","3":"status-publish","4":"has-post-thumbnail","6":"product_cat-tu","8":"first","9":"instock","10":"shipping-taxable","11":"purchasable","12":"product-type-variable"},"yoast_head":"<!-- This site is optimized with the Yoast SEO plugin v26.9 - https:\/\/yoast.com\/product\/yoast-seo-wordpress\/ -->\n<title>T\u1ee7 gi\u00e0y - N\u1ed9i th\u1ea5t YLA T\u1ee7 gi\u00e0y<\/title>\n<meta name=\"description\" content=\"T\u1ee7 gi\u00e0y\" \/>\n<meta name=\"robots\" content=\"index, follow, max-snippet:-1, max-image-preview:large, max-video-preview:-1\" \/>\n<link rel=\"canonical\" href=\"https:\/\/noithat.azdigi.shop\/?product=tu-giay\" \/>\n<meta property=\"og:locale\" content=\"vi_VN\" \/>\n<meta property=\"og:type\" content=\"article\" \/>\n<meta property=\"og:title\" content=\"T\u1ee7 gi\u00e0y - N\u1ed9i th\u1ea5t YLA T\u1ee7 gi\u00e0y\" \/>\n<meta property=\"og:description\" content=\"T\u1ee7 gi\u00e0y\" \/>\n<meta property=\"og:url\" content=\"https:\/\/noithat.azdigi.shop\/?product=tu-giay\" \/>\n<meta property=\"og:site_name\" content=\"N\u1ed9i th\u1ea5t YLA\" \/>\n<meta property=\"article:modified_time\" content=\"2026-04-15T13:57:42+00:00\" \/>\n<meta property=\"og:image\" content=\"https:\/\/noithat.azdigi.shop\/wp-content\/uploads\/2026\/04\/IMG_2621.jpeg\" \/>\n\t<meta property=\"og:image:width\" content=\"736\" \/>\n\t<meta property=\"og:image:height\" content=\"736\" \/>\n\t<meta property=\"og:image:type\" content=\"image\/jpeg\" \/>\n<meta name=\"twitter:card\" content=\"summary_large_image\" \/>\n<meta name=\"twitter:label1\" content=\"\u01af\u1edbc t\u00ednh th\u1eddi gian \u0111\u1ecdc\" \/>\n\t<meta name=\"twitter:data1\" content=\"2 ph\u00fat\" \/>\n<script type=\"application\/ld+json\" class=\"yoast-schema-graph\">{\"@context\":\"https:\/\/schema.org\",\"@graph\":[{\"@type\":\"WebPage\",\"@id\":\"https:\/\/noithat.azdigi.shop\/?product=tu-giay\",\"url\":\"https:\/\/noithat.azdigi.shop\/?product=tu-giay\",\"name\":\"T\u1ee7 gi\u00e0y - N\u1ed9i th\u1ea5t YLA T\u1ee7 gi\u00e0y\",\"isPartOf\":{\"@id\":\"https:\/\/noithat.azdigi.shop\/#website\"},\"primaryImageOfPage\":{\"@id\":\"https:\/\/noithat.azdigi.shop\/?product=tu-giay#primaryimage\"},\"image\":{\"@id\":\"https:\/\/noithat.azdigi.shop\/?product=tu-giay#primaryimage\"},\"thumbnailUrl\":\"https:\/\/noithat.azdigi.shop\/wp-content\/uploads\/2026\/04\/IMG_2621.jpeg\",\"datePublished\":\"2026-04-13T04:59:46+00:00\",\"dateModified\":\"2026-04-15T13:57:42+00:00\",\"description\":\"T\u1ee7 gi\u00e0y\",\"breadcrumb\":{\"@id\":\"https:\/\/noithat.azdigi.shop\/?product=tu-giay#breadcrumb\"},\"inLanguage\":\"vi\",\"potentialAction\":[{\"@type\":\"ReadAction\",\"target\":[\"https:\/\/noithat.azdigi.shop\/?product=tu-giay\"]}]},{\"@type\":\"ImageObject\",\"inLanguage\":\"vi\",\"@id\":\"https:\/\/noithat.azdigi.shop\/?product=tu-giay#primaryimage\",\"url\":\"https:\/\/noithat.azdigi.shop\/wp-content\/uploads\/2026\/04\/IMG_2621.jpeg\",\"contentUrl\":\"https:\/\/noithat.azdigi.shop\/wp-content\/uploads\/2026\/04\/IMG_2621.jpeg\",\"width\":736,\"height\":736},{\"@type\":\"BreadcrumbList\",\"@id\":\"https:\/\/noithat.azdigi.shop\/?product=tu-giay#breadcrumb\",\"itemListElement\":[{\"@type\":\"ListItem\",\"position\":1,\"name\":\"Trang ch\u1ee7\",\"item\":\"https:\/\/noithat.azdigi.shop\/\"},{\"@type\":\"ListItem\",\"position\":2,\"name\":\"C\u1eeda h\u00e0ng\",\"item\":\"https:\/\/noithat.azdigi.shop\/?page_id=102\"},{\"@type\":\"ListItem\",\"position\":3,\"name\":\"T\u1ee7 gi\u00e0y\"}]},{\"@type\":\"WebSite\",\"@id\":\"https:\/\/noithat.azdigi.shop\/#website\",\"url\":\"https:\/\/noithat.azdigi.shop\/\",\"name\":\"N\u1ed9i th\u1ea5t YLA\",\"description\":\"n\u1ed9i th\u1ea5t\",\"potentialAction\":[{\"@type\":\"SearchAction\",\"target\":{\"@type\":\"EntryPoint\",\"urlTemplate\":\"https:\/\/noithat.azdigi.shop\/?s={search_term_string}\"},\"query-input\":{\"@type\":\"PropertyValueSpecification\",\"valueRequired\":true,\"valueName\":\"search_term_string\"}}],\"inLanguage\":\"vi\"}]}<\/script>\n<!-- \/ Yoast SEO plugin. -->","yoast_head_json":{"title":"T\u1ee7 gi\u00e0y - N\u1ed9i th\u1ea5t YLA T\u1ee7 gi\u00e0y","description":"T\u1ee7 gi\u00e0y","robots":{"index":"index","follow":"follow","max-snippet":"max-snippet:-1","max-image-preview":"max-image-preview:large","max-video-preview":"max-video-preview:-1"},"canonical":"https:\/\/noithat.azdigi.shop\/?product=tu-giay","og_locale":"vi_VN","og_type":"article","og_title":"T\u1ee7 gi\u00e0y - N\u1ed9i th\u1ea5t YLA T\u1ee7 gi\u00e0y","og_description":"T\u1ee7 gi\u00e0y","og_url":"https:\/\/noithat.azdigi.shop\/?product=tu-giay","og_site_name":"N\u1ed9i th\u1ea5t YLA","article_modified_time":"2026-04-15T13:57:42+00:00","og_image":[{"width":736,"height":736,"url":"https:\/\/noithat.azdigi.shop\/wp-content\/uploads\/2026\/04\/IMG_2621.jpeg","type":"image\/jpeg"}],"twitter_card":"summary_large_image","twitter_misc":{"\u01af\u1edbc t\u00ednh th\u1eddi gian \u0111\u1ecdc":"2 ph\u00fat"},"schema":{"@context":"https:\/\/schema.org","@graph":[{"@type":"WebPage","@id":"https:\/\/noithat.azdigi.shop\/?product=tu-giay","url":"https:\/\/noithat.azdigi.shop\/?product=tu-giay","name":"T\u1ee7 gi\u00e0y - N\u1ed9i th\u1ea5t YLA T\u1ee7 gi\u00e0y","isPartOf":{"@id":"https:\/\/noithat.azdigi.shop\/#website"},"primaryImageOfPage":{"@id":"https:\/\/noithat.azdigi.shop\/?product=tu-giay#primaryimage"},"image":{"@id":"https:\/\/noithat.azdigi.shop\/?product=tu-giay#primaryimage"},"thumbnailUrl":"https:\/\/noithat.azdigi.shop\/wp-content\/uploads\/2026\/04\/IMG_2621.jpeg","datePublished":"2026-04-13T04:59:46+00:00","dateModified":"2026-04-15T13:57:42+00:00","description":"T\u1ee7 gi\u00e0y","breadcrumb":{"@id":"https:\/\/noithat.azdigi.shop\/?product=tu-giay#breadcrumb"},"inLanguage":"vi","potentialAction":[{"@type":"ReadAction","target":["https:\/\/noithat.azdigi.shop\/?product=tu-giay"]}]},{"@type":"ImageObject","inLanguage":"vi","@id":"https:\/\/noithat.azdigi.shop\/?product=tu-giay#primaryimage","url":"https:\/\/noithat.azdigi.shop\/wp-content\/uploads\/2026\/04\/IMG_2621.jpeg","contentUrl":"https:\/\/noithat.azdigi.shop\/wp-content\/uploads\/2026\/04\/IMG_2621.jpeg","width":736,"height":736},{"@type":"BreadcrumbList","@id":"https:\/\/noithat.azdigi.shop\/?product=tu-giay#breadcrumb","itemListElement":[{"@type":"ListItem","position":1,"name":"Trang ch\u1ee7","item":"https:\/\/noithat.azdigi.shop\/"},{"@type":"ListItem","position":2,"name":"C\u1eeda h\u00e0ng","item":"https:\/\/noithat.azdigi.shop\/?page_id=102"},{"@type":"ListItem","position":3,"name":"T\u1ee7 gi\u00e0y"}]},{"@type":"WebSite","@id":"https:\/\/noithat.azdigi.shop\/#website","url":"https:\/\/noithat.azdigi.shop\/","name":"N\u1ed9i th\u1ea5t YLA","description":"n\u1ed9i th\u1ea5t","potentialAction":[{"@type":"SearchAction","target":{"@type":"EntryPoint","urlTemplate":"https:\/\/noithat.azdigi.shop\/?s={search_term_string}"},"query-input":{"@type":"PropertyValueSpecification","valueRequired":true,"valueName":"search_term_string"}}],"inLanguage":"vi"}]}},"_links":{"self":[{"href":"https:\/\/noithat.azdigi.shop\/index.php?rest_route=\/wp\/v2\/product\/311","targetHints":{"allow":["GET"]}}],"collection":[{"href":"https:\/\/noithat.azdigi.shop\/index.php?rest_route=\/wp\/v2\/product"}],"about":[{"href":"https:\/\/noithat.azdigi.shop\/index.php?rest_route=\/wp\/v2\/types\/product"}],"replies":[{"embeddable":true,"href":"https:\/\/noithat.azdigi.shop\/index.php?rest_route=%2Fwp%2Fv2%2Fcomments&post=311"}],"wp:featuredmedia":[{"embeddable":true,"href":"https:\/\/noithat.azdigi.shop\/index.php?rest_route=\/wp\/v2\/media\/302"}],"wp:attachment":[{"href":"https:\/\/noithat.azdigi.shop\/index.php?rest_route=%2Fwp%2Fv2%2Fmedia&parent=311"}],"wp:term":[{"taxonomy":"product_brand","embeddable":true,"href":"https:\/\/noithat.azdigi.shop\/index.php?rest_route=%2Fwp%2Fv2%2Fproduct_brand&post=311"},{"taxonomy":"product_cat","embeddable":true,"href":"https:\/\/noithat.azdigi.shop\/index.php?rest_route=%2Fwp%2Fv2%2Fproduct_cat&post=311"},{"taxonomy":"product_tag","embeddable":true,"href":"https:\/\/noithat.azdigi.shop\/index.php?rest_route=%2Fwp%2Fv2%2Fproduct_tag&post=311"}],"curies":[{"name":"wp","href":"https:\/\/api.w.org\/{rel}","templated":true}]}}