{"id":286,"date":"2026-04-13T04:47:11","date_gmt":"2026-04-13T04:47:11","guid":{"rendered":"https:\/\/noithat.azdigi.shop\/?post_type=product&#038;p=286"},"modified":"2026-04-15T13:58:42","modified_gmt":"2026-04-15T13:58:42","slug":"tham-yla","status":"publish","type":"product","link":"https:\/\/noithat.azdigi.shop\/?product=tham-yla","title":{"rendered":"Th\u1ea3m YLA"},"content":{"rendered":"<h2 data-start=\"0\" data-end=\"50\">Th\u1ea3m n\u1ed9i th\u1ea5t YLA \u2013 Tinh t\u1ebf trong t\u1eebng chi ti\u1ebft<\/h2>\n<p data-start=\"52\" data-end=\"237\">Trong kh\u00f4ng gian s\u1ed1ng hi\u1ec7n \u0111\u1ea1i, th\u1ea3m kh\u00f4ng ch\u1ec9 \u0111\u1ec3 tr\u1ea3i s\u00e0n. N\u00f3 c\u00f2n gi\u00fap t\u1ea1o \u0111i\u1ec3m nh\u1ea5n v\u00e0 t\u0103ng c\u1ea3m gi\u00e1c \u1ea5m c\u00fang. N\u1ed9i th\u1ea5t YLA mang \u0111\u1ebfn c\u00e1c d\u00f2ng th\u1ea3m \u0111\u00e1p \u1ee9ng t\u1ed1t c\u1ea3 th\u1ea9m m\u1ef9 l\u1eabn c\u00f4ng n\u0103ng.<\/p>\n<p data-start=\"239\" data-end=\"435\">Th\u1ea3m YLA theo phong c\u00e1ch t\u1ed1i gi\u1ea3n. Thi\u1ebft k\u1ebf ch\u00fa tr\u1ecdng s\u1ef1 tinh t\u1ebf v\u00e0 d\u1ec5 ph\u1ed1i. M\u00e0u s\u1eafc th\u01b0\u1eddng l\u00e0 c\u00e1c gam trung t\u00ednh nh\u01b0 be, x\u00e1m ho\u1eb7c kem. Nh\u1edd v\u1eady, s\u1ea3n ph\u1ea9m ph\u00f9 h\u1ee3p v\u1edbi nhi\u1ec1u ki\u1ec3u n\u1ed9i th\u1ea5t kh\u00e1c nhau.<\/p>\n<p data-start=\"437\" data-end=\"629\">B\u00ean c\u1ea1nh \u0111\u00f3, ch\u1ea5t l\u01b0\u1ee3ng lu\u00f4n \u0111\u01b0\u1ee3c \u0111\u1ea3m b\u1ea3o. Th\u1ea3m \u0111\u01b0\u1ee3c l\u00e0m t\u1eeb ch\u1ea5t li\u1ec7u b\u1ec1n v\u00e0 \u00eam \u00e1i. Khi s\u1eed d\u1ee5ng, ng\u01b0\u1eddi d\u00f9ng s\u1ebd c\u1ea3m th\u1ea5y tho\u1ea3i m\u00e1i h\u01a1n. S\u1ea3n ph\u1ea9m c\u0169ng c\u00f3 kh\u1ea3 n\u0103ng ch\u1ed1ng tr\u01b0\u1ee3t v\u00e0 h\u1ea1n ch\u1ebf b\u00e1m b\u1ea9n.<\/p>\n<p data-start=\"631\" data-end=\"827\">Vi\u1ec7c v\u1ec7 sinh th\u1ea3m kh\u00e1 \u0111\u01a1n gi\u1ea3n. \u0110i\u1ec1u n\u00e0y ph\u00f9 h\u1ee3p v\u1edbi nh\u1ecbp s\u1ed1ng b\u1eadn r\u1ed9n hi\u1ec7n nay. Ng\u01b0\u1eddi d\u00f9ng kh\u00f4ng c\u1ea7n t\u1ed1n qu\u00e1 nhi\u1ec1u th\u1eddi gian \u0111\u1ec3 b\u1ea3o qu\u1ea3n. Th\u1ea3m v\u1eabn gi\u1eef \u0111\u01b0\u1ee3c h\u00ecnh d\u00e1ng v\u00e0 m\u00e0u s\u1eafc sau th\u1eddi gian d\u00e0i.<\/p>\n<p data-start=\"829\" data-end=\"997\">M\u1ed9t \u01b0u \u0111i\u1ec3m kh\u00e1c l\u00e0 kh\u1ea3 n\u0103ng l\u00e0m \u1ea5m kh\u00f4ng gian. Ch\u1ec9 c\u1ea7n m\u1ed9t t\u1ea5m th\u1ea3m ph\u00f9 h\u1ee3p, c\u0103n ph\u00f2ng s\u1ebd tr\u1edf n\u00ean d\u1ec5 ch\u1ecbu h\u01a1n. Kh\u00f4ng gian c\u0169ng tr\u1edf n\u00ean h\u00e0i h\u00f2a v\u00e0 c\u00f3 \u0111i\u1ec3m nh\u1ea5n r\u00f5 r\u00e0ng.<\/p>\n<p data-start=\"999\" data-end=\"1175\" data-is-last-node=\"\" data-is-only-node=\"\">V\u1edbi \u0111\u1ecbnh h\u01b0\u1edbng n\u1ed9i th\u1ea5t hi\u1ec7n \u0111\u1ea1i, YLA mang \u0111\u1ebfn gi\u1ea3i ph\u00e1p \u0111\u01a1n gi\u1ea3n nh\u01b0ng hi\u1ec7u qu\u1ea3. Th\u1ea3m kh\u00f4ng ch\u1ec9 l\u00e0 v\u1eadt d\u1ee5ng trang tr\u00ed. N\u00f3 c\u00f2n g\u00f3p ph\u1ea7n n\u00e2ng cao ch\u1ea5t l\u01b0\u1ee3ng cu\u1ed9c s\u1ed1ng h\u00e0ng ng\u00e0y.<\/p>\n<p class=\"p1\"><span class=\"s1\"><a href=\"https:\/\/noithat.azdigi.shop\/?post_type=product\">MUA NGAY<\/a><\/span><\/p>\n<p class=\"p1\"><span class=\"s1\"><a href=\"https:\/\/blanc.vn\/tham-trai-san?gad_source=1&amp;gad_campaignid=15173307000&amp;gbraid=0AAAAAoOyJE8J_XQyuPnaiSBG3bYgIhVee&amp;gclid=CjwKCAjwhe3OBhABEiwA6392zGJEThyN1b2Zu8ZGPR-TasAlVMWrOGJs8tyJYZr2lu05Y7__chooFxoCsu8QAvD_BwE\">XEM THEM<\/a><\/span><\/p>\n","protected":false},"excerpt":{"rendered":"<p>Th\u1ea3m n\u1ed9i th\u1ea5t YLA \u2013 Tinh t\u1ebf trong t\u1eebng chi ti\u1ebft Trong kh\u00f4ng gian s\u1ed1ng hi\u1ec7n \u0111\u1ea1i, th\u1ea3m kh\u00f4ng ch\u1ec9 \u0111\u1ec3 tr\u1ea3i s\u00e0n. N\u00f3 c\u00f2n gi\u00fap t\u1ea1o \u0111i\u1ec3m nh\u1ea5n v\u00e0 t\u0103ng c\u1ea3m gi\u00e1c \u1ea5m c\u00fang. N\u1ed9i th\u1ea5t YLA mang \u0111\u1ebfn c\u00e1c d\u00f2ng th\u1ea3m \u0111\u00e1p \u1ee9ng t\u1ed1t c\u1ea3 th\u1ea9m m\u1ef9 l\u1eabn c\u00f4ng n\u0103ng. Th\u1ea3m YLA theo [&#8230;]\n","protected":false},"featured_media":293,"comment_status":"open","ping_status":"closed","template":"","meta":[],"product_brand":[],"product_cat":[29],"product_tag":[],"class_list":{"0":"post-286","1":"product","2":"type-product","3":"status-publish","4":"has-post-thumbnail","6":"product_cat-tham","8":"first","9":"instock","10":"shipping-taxable","11":"purchasable","12":"product-type-variable"},"yoast_head":"<!-- This site is optimized with the Yoast SEO plugin v26.9 - https:\/\/yoast.com\/product\/yoast-seo-wordpress\/ -->\n<title>Th\u1ea3m YLA - N\u1ed9i th\u1ea5t YLA Th\u1ea3m YLA<\/title>\n<meta name=\"description\" content=\"Th\u1ea3m YLA\" \/>\n<meta name=\"robots\" content=\"index, follow, max-snippet:-1, max-image-preview:large, max-video-preview:-1\" \/>\n<link rel=\"canonical\" href=\"https:\/\/noithat.azdigi.shop\/?product=tham-yla\" \/>\n<meta property=\"og:locale\" content=\"vi_VN\" \/>\n<meta property=\"og:type\" content=\"article\" \/>\n<meta property=\"og:title\" content=\"Th\u1ea3m YLA - N\u1ed9i th\u1ea5t YLA Th\u1ea3m YLA\" \/>\n<meta property=\"og:description\" content=\"Th\u1ea3m YLA\" \/>\n<meta property=\"og:url\" content=\"https:\/\/noithat.azdigi.shop\/?product=tham-yla\" \/>\n<meta property=\"og:site_name\" content=\"N\u1ed9i th\u1ea5t YLA\" \/>\n<meta property=\"article:modified_time\" content=\"2026-04-15T13:58:42+00:00\" \/>\n<meta property=\"og:image\" content=\"https:\/\/noithat.azdigi.shop\/wp-content\/uploads\/2026\/04\/IMG_2630.jpeg\" \/>\n\t<meta property=\"og:image:width\" content=\"1024\" \/>\n\t<meta property=\"og:image:height\" content=\"1536\" \/>\n\t<meta property=\"og:image:type\" content=\"image\/jpeg\" \/>\n<meta name=\"twitter:card\" content=\"summary_large_image\" \/>\n<meta name=\"twitter:label1\" content=\"\u01af\u1edbc t\u00ednh th\u1eddi gian \u0111\u1ecdc\" \/>\n\t<meta name=\"twitter:data1\" content=\"2 ph\u00fat\" \/>\n<script type=\"application\/ld+json\" class=\"yoast-schema-graph\">{\"@context\":\"https:\/\/schema.org\",\"@graph\":[{\"@type\":\"WebPage\",\"@id\":\"https:\/\/noithat.azdigi.shop\/?product=tham-yla\",\"url\":\"https:\/\/noithat.azdigi.shop\/?product=tham-yla\",\"name\":\"Th\u1ea3m YLA - N\u1ed9i th\u1ea5t YLA Th\u1ea3m YLA\",\"isPartOf\":{\"@id\":\"https:\/\/noithat.azdigi.shop\/#website\"},\"primaryImageOfPage\":{\"@id\":\"https:\/\/noithat.azdigi.shop\/?product=tham-yla#primaryimage\"},\"image\":{\"@id\":\"https:\/\/noithat.azdigi.shop\/?product=tham-yla#primaryimage\"},\"thumbnailUrl\":\"https:\/\/noithat.azdigi.shop\/wp-content\/uploads\/2026\/04\/IMG_2630.jpeg\",\"datePublished\":\"2026-04-13T04:47:11+00:00\",\"dateModified\":\"2026-04-15T13:58:42+00:00\",\"description\":\"Th\u1ea3m YLA\",\"breadcrumb\":{\"@id\":\"https:\/\/noithat.azdigi.shop\/?product=tham-yla#breadcrumb\"},\"inLanguage\":\"vi\",\"potentialAction\":[{\"@type\":\"ReadAction\",\"target\":[\"https:\/\/noithat.azdigi.shop\/?product=tham-yla\"]}]},{\"@type\":\"ImageObject\",\"inLanguage\":\"vi\",\"@id\":\"https:\/\/noithat.azdigi.shop\/?product=tham-yla#primaryimage\",\"url\":\"https:\/\/noithat.azdigi.shop\/wp-content\/uploads\/2026\/04\/IMG_2630.jpeg\",\"contentUrl\":\"https:\/\/noithat.azdigi.shop\/wp-content\/uploads\/2026\/04\/IMG_2630.jpeg\",\"width\":1024,\"height\":1536},{\"@type\":\"BreadcrumbList\",\"@id\":\"https:\/\/noithat.azdigi.shop\/?product=tham-yla#breadcrumb\",\"itemListElement\":[{\"@type\":\"ListItem\",\"position\":1,\"name\":\"Trang ch\u1ee7\",\"item\":\"https:\/\/noithat.azdigi.shop\/\"},{\"@type\":\"ListItem\",\"position\":2,\"name\":\"C\u1eeda h\u00e0ng\",\"item\":\"https:\/\/noithat.azdigi.shop\/?page_id=102\"},{\"@type\":\"ListItem\",\"position\":3,\"name\":\"Th\u1ea3m YLA\"}]},{\"@type\":\"WebSite\",\"@id\":\"https:\/\/noithat.azdigi.shop\/#website\",\"url\":\"https:\/\/noithat.azdigi.shop\/\",\"name\":\"N\u1ed9i th\u1ea5t YLA\",\"description\":\"n\u1ed9i th\u1ea5t\",\"potentialAction\":[{\"@type\":\"SearchAction\",\"target\":{\"@type\":\"EntryPoint\",\"urlTemplate\":\"https:\/\/noithat.azdigi.shop\/?s={search_term_string}\"},\"query-input\":{\"@type\":\"PropertyValueSpecification\",\"valueRequired\":true,\"valueName\":\"search_term_string\"}}],\"inLanguage\":\"vi\"}]}<\/script>\n<!-- \/ Yoast SEO plugin. -->","yoast_head_json":{"title":"Th\u1ea3m YLA - N\u1ed9i th\u1ea5t YLA Th\u1ea3m YLA","description":"Th\u1ea3m YLA","robots":{"index":"index","follow":"follow","max-snippet":"max-snippet:-1","max-image-preview":"max-image-preview:large","max-video-preview":"max-video-preview:-1"},"canonical":"https:\/\/noithat.azdigi.shop\/?product=tham-yla","og_locale":"vi_VN","og_type":"article","og_title":"Th\u1ea3m YLA - N\u1ed9i th\u1ea5t YLA Th\u1ea3m YLA","og_description":"Th\u1ea3m YLA","og_url":"https:\/\/noithat.azdigi.shop\/?product=tham-yla","og_site_name":"N\u1ed9i th\u1ea5t YLA","article_modified_time":"2026-04-15T13:58:42+00:00","og_image":[{"width":1024,"height":1536,"url":"https:\/\/noithat.azdigi.shop\/wp-content\/uploads\/2026\/04\/IMG_2630.jpeg","type":"image\/jpeg"}],"twitter_card":"summary_large_image","twitter_misc":{"\u01af\u1edbc t\u00ednh th\u1eddi gian \u0111\u1ecdc":"2 ph\u00fat"},"schema":{"@context":"https:\/\/schema.org","@graph":[{"@type":"WebPage","@id":"https:\/\/noithat.azdigi.shop\/?product=tham-yla","url":"https:\/\/noithat.azdigi.shop\/?product=tham-yla","name":"Th\u1ea3m YLA - N\u1ed9i th\u1ea5t YLA Th\u1ea3m YLA","isPartOf":{"@id":"https:\/\/noithat.azdigi.shop\/#website"},"primaryImageOfPage":{"@id":"https:\/\/noithat.azdigi.shop\/?product=tham-yla#primaryimage"},"image":{"@id":"https:\/\/noithat.azdigi.shop\/?product=tham-yla#primaryimage"},"thumbnailUrl":"https:\/\/noithat.azdigi.shop\/wp-content\/uploads\/2026\/04\/IMG_2630.jpeg","datePublished":"2026-04-13T04:47:11+00:00","dateModified":"2026-04-15T13:58:42+00:00","description":"Th\u1ea3m YLA","breadcrumb":{"@id":"https:\/\/noithat.azdigi.shop\/?product=tham-yla#breadcrumb"},"inLanguage":"vi","potentialAction":[{"@type":"ReadAction","target":["https:\/\/noithat.azdigi.shop\/?product=tham-yla"]}]},{"@type":"ImageObject","inLanguage":"vi","@id":"https:\/\/noithat.azdigi.shop\/?product=tham-yla#primaryimage","url":"https:\/\/noithat.azdigi.shop\/wp-content\/uploads\/2026\/04\/IMG_2630.jpeg","contentUrl":"https:\/\/noithat.azdigi.shop\/wp-content\/uploads\/2026\/04\/IMG_2630.jpeg","width":1024,"height":1536},{"@type":"BreadcrumbList","@id":"https:\/\/noithat.azdigi.shop\/?product=tham-yla#breadcrumb","itemListElement":[{"@type":"ListItem","position":1,"name":"Trang ch\u1ee7","item":"https:\/\/noithat.azdigi.shop\/"},{"@type":"ListItem","position":2,"name":"C\u1eeda h\u00e0ng","item":"https:\/\/noithat.azdigi.shop\/?page_id=102"},{"@type":"ListItem","position":3,"name":"Th\u1ea3m YLA"}]},{"@type":"WebSite","@id":"https:\/\/noithat.azdigi.shop\/#website","url":"https:\/\/noithat.azdigi.shop\/","name":"N\u1ed9i th\u1ea5t YLA","description":"n\u1ed9i th\u1ea5t","potentialAction":[{"@type":"SearchAction","target":{"@type":"EntryPoint","urlTemplate":"https:\/\/noithat.azdigi.shop\/?s={search_term_string}"},"query-input":{"@type":"PropertyValueSpecification","valueRequired":true,"valueName":"search_term_string"}}],"inLanguage":"vi"}]}},"_links":{"self":[{"href":"https:\/\/noithat.azdigi.shop\/index.php?rest_route=\/wp\/v2\/product\/286","targetHints":{"allow":["GET"]}}],"collection":[{"href":"https:\/\/noithat.azdigi.shop\/index.php?rest_route=\/wp\/v2\/product"}],"about":[{"href":"https:\/\/noithat.azdigi.shop\/index.php?rest_route=\/wp\/v2\/types\/product"}],"replies":[{"embeddable":true,"href":"https:\/\/noithat.azdigi.shop\/index.php?rest_route=%2Fwp%2Fv2%2Fcomments&post=286"}],"wp:featuredmedia":[{"embeddable":true,"href":"https:\/\/noithat.azdigi.shop\/index.php?rest_route=\/wp\/v2\/media\/293"}],"wp:attachment":[{"href":"https:\/\/noithat.azdigi.shop\/index.php?rest_route=%2Fwp%2Fv2%2Fmedia&parent=286"}],"wp:term":[{"taxonomy":"product_brand","embeddable":true,"href":"https:\/\/noithat.azdigi.shop\/index.php?rest_route=%2Fwp%2Fv2%2Fproduct_brand&post=286"},{"taxonomy":"product_cat","embeddable":true,"href":"https:\/\/noithat.azdigi.shop\/index.php?rest_route=%2Fwp%2Fv2%2Fproduct_cat&post=286"},{"taxonomy":"product_tag","embeddable":true,"href":"https:\/\/noithat.azdigi.shop\/index.php?rest_route=%2Fwp%2Fv2%2Fproduct_tag&post=286"}],"curies":[{"name":"wp","href":"https:\/\/api.w.org\/{rel}","templated":true}]}}