{"id":274,"date":"2026-04-12T17:28:48","date_gmt":"2026-04-12T17:28:48","guid":{"rendered":"https:\/\/noithat.azdigi.shop\/?post_type=product&#038;p=274"},"modified":"2026-04-15T13:59:41","modified_gmt":"2026-04-15T13:59:41","slug":"rem-cua","status":"publish","type":"product","link":"https:\/\/noithat.azdigi.shop\/?product=rem-cua","title":{"rendered":"R\u00e8m c\u1eeda"},"content":{"rendered":"<h1 data-start=\"106\" data-end=\"170\">R\u00c8M C\u1eecA YLA \u2013 HO\u00c0N THI\u1ec6N KH\u00d4NG GIAN, T\u1ed0I \u01afU TR\u1ea2I NGHI\u1ec6M S\u1ed0NG<\/h1>\n<h2 data-start=\"172\" data-end=\"226\">1. R\u00e8m c\u1eeda \u2013 S\u1ef1 k\u1ebft h\u1ee3p gi\u1eefa c\u00f4ng n\u0103ng v\u00e0 th\u1ea9m m\u1ef9<\/h2>\n<p data-start=\"227\" data-end=\"447\">R\u00e8m c\u1eeda kh\u00f4ng ch\u1ec9 l\u00e0 v\u1eadt d\u1ee5ng che ch\u1eafn \u0111\u01a1n thu\u1ea7n m\u00e0 c\u00f2n l\u00e0 y\u1ebfu t\u1ed1 quan tr\u1ecdng gi\u00fap ho\u00e0n thi\u1ec7n kh\u00f4ng gian s\u1ed1ng. M\u1ed9t b\u1ed9 r\u00e8m ph\u00f9 h\u1ee3p s\u1ebd t\u1ea1o n\u00ean s\u1ef1 h\u00e0i h\u00f2a, mang l\u1ea1i c\u1ea3m gi\u00e1c ri\u00eang t\u01b0 v\u00e0 n\u00e2ng cao gi\u00e1 tr\u1ecb th\u1ea9m m\u1ef9 cho ng\u00f4i nh\u00e0.<\/p>\n<p data-start=\"449\" data-end=\"620\">Theo nhi\u1ec1u chuy\u00ean gia n\u1ed9i th\u1ea5t, r\u00e8m c\u1eeda c\u00f2n gi\u00fap \u0111i\u1ec1u ch\u1ec9nh \u00e1nh s\u00e1ng, c\u00e1ch nhi\u1ec7t v\u00e0 b\u1ea3o v\u1ec7 kh\u00f4ng gian s\u1ed1ng kh\u1ecfi t\u00e1c \u0111\u1ed9ng b\u00ean ngo\u00e0i .<\/p>\n<p data-start=\"622\" data-end=\"726\"><strong data-start=\"622\" data-end=\"638\">YLA Interior<\/strong> mang \u0111\u1ebfn gi\u1ea3i ph\u00e1p r\u00e8m c\u1eeda hi\u1ec7n \u0111\u1ea1i \u2013 tinh t\u1ebf \u2013 ph\u00f9 h\u1ee3p v\u1edbi t\u1eebng phong c\u00e1ch kh\u00f4ng gian.<\/p>\n<hr data-start=\"728\" data-end=\"731\" \/>\n<h2 data-start=\"733\" data-end=\"772\">2. \u01afu \u0111i\u1ec3m n\u1ed5i b\u1eadt c\u1ee7a r\u00e8m c\u1eeda YLA<\/h2>\n<h3 data-start=\"774\" data-end=\"811\">\u2728 \u0110i\u1ec1u ch\u1ec9nh \u00e1nh s\u00e1ng linh ho\u1ea1t<\/h3>\n<ul data-start=\"812\" data-end=\"918\">\n<li data-start=\"812\" data-end=\"856\">Ki\u1ec3m so\u00e1t \u00e1nh s\u00e1ng t\u1ef1 nhi\u00ean theo nhu c\u1ea7u<\/li>\n<li data-start=\"857\" data-end=\"918\">Gi\u00fap kh\u00f4ng gian lu\u00f4n d\u1ec5 ch\u1ecbu, kh\u00f4ng qu\u00e1 ch\u00f3i ho\u1eb7c qu\u00e1 t\u1ed1i<\/li>\n<\/ul>\n<h3 data-start=\"920\" data-end=\"947\">\u2728 \u0110\u1ea3m b\u1ea3o s\u1ef1 ri\u00eang t\u01b0<\/h3>\n<ul data-start=\"948\" data-end=\"1029\">\n<li data-start=\"948\" data-end=\"981\">H\u1ea1n ch\u1ebf t\u1ea7m nh\u00ecn t\u1eeb b\u00ean ngo\u00e0i<\/li>\n<li data-start=\"982\" data-end=\"1029\">T\u1ea1o kh\u00f4ng gian sinh ho\u1ea1t k\u00edn \u0111\u00e1o, tho\u1ea3i m\u00e1i<\/li>\n<\/ul>\n<h3 data-start=\"1031\" data-end=\"1056\">\u2728 T\u0103ng t\u00ednh th\u1ea9m m\u1ef9<\/h3>\n<ul data-start=\"1057\" data-end=\"1168\">\n<li data-start=\"1057\" data-end=\"1112\">L\u00e0 \u0111i\u1ec3m nh\u1ea5n gi\u00fap kh\u00f4ng gian tr\u1edf n\u00ean sang tr\u1ecdng h\u01a1n<\/li>\n<li data-start=\"1113\" data-end=\"1168\">D\u1ec5 d\u00e0ng ph\u1ed1i h\u1ee3p v\u1edbi m\u00e0u s\u1eafc v\u00e0 phong c\u00e1ch n\u1ed9i th\u1ea5t<\/li>\n<\/ul>\n<h3 data-start=\"1170\" data-end=\"1210\">\u2728 C\u00e1ch nhi\u1ec7t \u2013 ch\u1ed1ng n\u1eafng hi\u1ec7u qu\u1ea3<\/h3>\n<ul data-start=\"1211\" data-end=\"1345\">\n<li data-start=\"1211\" data-end=\"1262\">Gi\u1ea3m nhi\u1ec7t \u0111\u1ed9 trong ph\u00f2ng, ti\u1ebft ki\u1ec7m n\u0103ng l\u01b0\u1ee3ng<\/li>\n<li data-start=\"1263\" data-end=\"1345\">B\u1ea3o v\u1ec7 n\u1ed9i th\u1ea5t kh\u1ecfi t\u00e1c \u0111\u1ed9ng c\u1ee7a tia UV<\/li>\n<\/ul>\n<h3 data-start=\"1347\" data-end=\"1387\">\u2728 Gi\u1ea3m ti\u1ebfng \u1ed3n \u2013 t\u0103ng s\u1ef1 th\u01b0 gi\u00e3n<\/h3>\n<ul data-start=\"1388\" data-end=\"1473\">\n<li data-start=\"1388\" data-end=\"1435\">H\u1ed7 tr\u1ee3 c\u00e1ch \u00e2m nh\u1eb9, t\u1ea1o kh\u00f4ng gian y\u00ean t\u0129nh<\/li>\n<li data-start=\"1436\" data-end=\"1473\">Ph\u00f9 h\u1ee3p ph\u00f2ng ng\u1ee7, ph\u00f2ng l\u00e0m vi\u1ec7c<\/li>\n<\/ul>\n<hr data-start=\"1475\" data-end=\"1478\" \/>\n<h2 data-start=\"1480\" data-end=\"1513\">3. Gi\u1ea3i ph\u00e1p r\u00e8m c\u1eeda t\u1ea1i YLA<\/h2>\n<ul data-start=\"1515\" data-end=\"1721\">\n<li data-start=\"1515\" data-end=\"1565\">Thi\u1ebft k\u1ebf theo y\u00eau c\u1ea7u, ph\u00f9 h\u1ee3p t\u1eebng kh\u00f4ng gian<\/li>\n<li data-start=\"1566\" data-end=\"1622\">L\u1ef1a ch\u1ecdn ch\u1ea5t li\u1ec7u, m\u00e0u s\u1eafc theo phong c\u00e1ch n\u1ed9i th\u1ea5t<\/li>\n<li data-start=\"1623\" data-end=\"1670\">T\u01b0 v\u1ea5n t\u1ed1i \u01b0u \u00e1nh s\u00e1ng v\u00e0 c\u00f4ng n\u0103ng s\u1eed d\u1ee5ng<\/li>\n<li data-start=\"1671\" data-end=\"1721\">Thi c\u00f4ng chu\u1ea9n ch\u1ec9nh, \u0111\u1ea3m b\u1ea3o th\u1ea9m m\u1ef9 t\u1ed5ng th\u1ec3<\/li>\n<\/ul>\n<hr data-start=\"1723\" data-end=\"1726\" \/>\n<h2 data-start=\"1728\" data-end=\"1764\">4. V\u00ec sao n\u00ean ch\u1ecdn r\u00e8m c\u1eeda YLA?<\/h2>\n<ul data-start=\"1766\" data-end=\"1950\">\n<li data-start=\"1766\" data-end=\"1816\">\u2714 C\u00e1 nh\u00e2n h\u00f3a thi\u1ebft k\u1ebf theo nhu c\u1ea7u kh\u00e1ch h\u00e0ng<\/li>\n<li data-start=\"1817\" data-end=\"1863\">\u2714 \u0110\u1ea3m b\u1ea3o s\u1ef1 h\u00e0i h\u00f2a v\u1edbi t\u1ed5ng th\u1ec3 n\u1ed9i th\u1ea5t<\/li>\n<li data-start=\"1864\" data-end=\"1904\">\u2714 Ch\u1ea5t li\u1ec7u b\u1ec1n \u0111\u1eb9p, s\u1eed d\u1ee5ng l\u00e2u d\u00e0i<\/li>\n<li data-start=\"1905\" data-end=\"1950\">\u2714 D\u1ecbch v\u1ee5 t\u01b0 v\u1ea5n \u2013 thi c\u00f4ng chuy\u00ean nghi\u1ec7p<\/li>\n<\/ul>\n<hr data-start=\"1952\" data-end=\"1955\" \/>\n<h2 data-start=\"1957\" data-end=\"2017\">5. YLA \u2013 N\u00e2ng t\u1ea7m kh\u00f4ng gian s\u1ed1ng t\u1eeb nh\u1eefng chi ti\u1ebft nh\u1ecf<\/h2>\n<p data-start=\"2019\" data-end=\"2137\">M\u1ed9t b\u1ed9 r\u00e8m c\u1eeda ph\u00f9 h\u1ee3p kh\u00f4ng ch\u1ec9 gi\u00fap kh\u00f4ng gian tr\u1edf n\u00ean \u0111\u1eb9p h\u01a1n m\u00e0 c\u00f2n mang l\u1ea1i s\u1ef1 tho\u1ea3i m\u00e1i v\u00e0 ti\u1ec7n nghi m\u1ed7i ng\u00e0y.<\/p>\n<p data-start=\"2139\" data-end=\"2258\">V\u1edbi <strong data-start=\"2143\" data-end=\"2159\">YLA Interior<\/strong>, t\u1eebng chi ti\u1ebft \u0111\u1ec1u \u0111\u01b0\u1ee3c ch\u0103m ch\u00fat \u0111\u1ec3 t\u1ea1o n\u00ean m\u1ed9t kh\u00f4ng gian s\u1ed1ng h\u00e0i h\u00f2a, tinh t\u1ebf v\u00e0 \u0111\u1ea7y c\u1ea3m h\u1ee9ng.<\/p>\n<p data-start=\"2260\" data-end=\"2347\">\ud83d\udc49 Li\u00ean h\u1ec7 ngay v\u1edbi YLA \u0111\u1ec3 l\u1ef1a ch\u1ecdn gi\u1ea3i ph\u00e1p r\u00e8m c\u1eeda ph\u00f9 h\u1ee3p cho kh\u00f4ng gian c\u1ee7a b\u1ea1n!<\/p>\n<p class=\"p1\"><span class=\"s1\"><a href=\"https:\/\/noithat.azdigi.shop\/?post_type=product\">MUA NGAY<\/a><\/span><\/p>\n<p class=\"p1\"><span class=\"s1\"><a href=\"https:\/\/remcuamygia.com\/rem-cua-so-co-cong-dung-gi-loi-ich-rem-cua-mang-lai\/?utm_source=chatgpt.com\">XEM THEM<\/a><\/span><\/p>\n","protected":false},"excerpt":{"rendered":"<p>R\u00c8M C\u1eecA YLA \u2013 HO\u00c0N THI\u1ec6N KH\u00d4NG GIAN, T\u1ed0I \u01afU TR\u1ea2I NGHI\u1ec6M S\u1ed0NG 1. R\u00e8m c\u1eeda \u2013 S\u1ef1 k\u1ebft h\u1ee3p gi\u1eefa c\u00f4ng n\u0103ng v\u00e0 th\u1ea9m m\u1ef9 R\u00e8m c\u1eeda kh\u00f4ng ch\u1ec9 l\u00e0 v\u1eadt d\u1ee5ng che ch\u1eafn \u0111\u01a1n thu\u1ea7n m\u00e0 c\u00f2n l\u00e0 y\u1ebfu t\u1ed1 quan tr\u1ecdng gi\u00fap ho\u00e0n thi\u1ec7n kh\u00f4ng gian s\u1ed1ng. M\u1ed9t b\u1ed9 r\u00e8m ph\u00f9 h\u1ee3p [&#8230;]\n","protected":false},"featured_media":277,"comment_status":"open","ping_status":"closed","template":"","meta":[],"product_brand":[],"product_cat":[30],"product_tag":[],"class_list":{"0":"post-274","1":"product","2":"type-product","3":"status-publish","4":"has-post-thumbnail","6":"product_cat-rem-cua","8":"first","9":"instock","10":"shipping-taxable","11":"purchasable","12":"product-type-variable"},"yoast_head":"<!-- This site is optimized with the Yoast SEO plugin v26.9 - https:\/\/yoast.com\/product\/yoast-seo-wordpress\/ -->\n<title>R\u00e8m c\u1eeda - N\u1ed9i th\u1ea5t YLA R\u00e8m c\u1eeda<\/title>\n<meta name=\"description\" content=\"R\u00e8m c\u1eeda\" \/>\n<meta name=\"robots\" content=\"index, follow, max-snippet:-1, max-image-preview:large, max-video-preview:-1\" \/>\n<link rel=\"canonical\" href=\"https:\/\/noithat.azdigi.shop\/?product=rem-cua\" \/>\n<meta property=\"og:locale\" content=\"vi_VN\" \/>\n<meta property=\"og:type\" content=\"article\" \/>\n<meta property=\"og:title\" content=\"R\u00e8m c\u1eeda - N\u1ed9i th\u1ea5t YLA R\u00e8m c\u1eeda\" \/>\n<meta property=\"og:description\" content=\"R\u00e8m c\u1eeda\" \/>\n<meta property=\"og:url\" content=\"https:\/\/noithat.azdigi.shop\/?product=rem-cua\" \/>\n<meta property=\"og:site_name\" content=\"N\u1ed9i th\u1ea5t YLA\" \/>\n<meta property=\"article:modified_time\" content=\"2026-04-15T13:59:41+00:00\" \/>\n<meta property=\"og:image\" content=\"https:\/\/noithat.azdigi.shop\/wp-content\/uploads\/2026\/04\/IMG_2609.jpeg\" \/>\n\t<meta property=\"og:image:width\" content=\"1024\" \/>\n\t<meta property=\"og:image:height\" content=\"1536\" \/>\n\t<meta property=\"og:image:type\" content=\"image\/jpeg\" \/>\n<meta name=\"twitter:card\" content=\"summary_large_image\" \/>\n<meta name=\"twitter:label1\" content=\"\u01af\u1edbc t\u00ednh th\u1eddi gian \u0111\u1ecdc\" \/>\n\t<meta name=\"twitter:data1\" content=\"3 ph\u00fat\" \/>\n<script type=\"application\/ld+json\" class=\"yoast-schema-graph\">{\"@context\":\"https:\/\/schema.org\",\"@graph\":[{\"@type\":\"WebPage\",\"@id\":\"https:\/\/noithat.azdigi.shop\/?product=rem-cua\",\"url\":\"https:\/\/noithat.azdigi.shop\/?product=rem-cua\",\"name\":\"R\u00e8m c\u1eeda - N\u1ed9i th\u1ea5t YLA R\u00e8m c\u1eeda\",\"isPartOf\":{\"@id\":\"https:\/\/noithat.azdigi.shop\/#website\"},\"primaryImageOfPage\":{\"@id\":\"https:\/\/noithat.azdigi.shop\/?product=rem-cua#primaryimage\"},\"image\":{\"@id\":\"https:\/\/noithat.azdigi.shop\/?product=rem-cua#primaryimage\"},\"thumbnailUrl\":\"https:\/\/noithat.azdigi.shop\/wp-content\/uploads\/2026\/04\/IMG_2609.jpeg\",\"datePublished\":\"2026-04-12T17:28:48+00:00\",\"dateModified\":\"2026-04-15T13:59:41+00:00\",\"description\":\"R\u00e8m c\u1eeda\",\"breadcrumb\":{\"@id\":\"https:\/\/noithat.azdigi.shop\/?product=rem-cua#breadcrumb\"},\"inLanguage\":\"vi\",\"potentialAction\":[{\"@type\":\"ReadAction\",\"target\":[\"https:\/\/noithat.azdigi.shop\/?product=rem-cua\"]}]},{\"@type\":\"ImageObject\",\"inLanguage\":\"vi\",\"@id\":\"https:\/\/noithat.azdigi.shop\/?product=rem-cua#primaryimage\",\"url\":\"https:\/\/noithat.azdigi.shop\/wp-content\/uploads\/2026\/04\/IMG_2609.jpeg\",\"contentUrl\":\"https:\/\/noithat.azdigi.shop\/wp-content\/uploads\/2026\/04\/IMG_2609.jpeg\",\"width\":1024,\"height\":1536},{\"@type\":\"BreadcrumbList\",\"@id\":\"https:\/\/noithat.azdigi.shop\/?product=rem-cua#breadcrumb\",\"itemListElement\":[{\"@type\":\"ListItem\",\"position\":1,\"name\":\"Trang ch\u1ee7\",\"item\":\"https:\/\/noithat.azdigi.shop\/\"},{\"@type\":\"ListItem\",\"position\":2,\"name\":\"C\u1eeda h\u00e0ng\",\"item\":\"https:\/\/noithat.azdigi.shop\/?page_id=102\"},{\"@type\":\"ListItem\",\"position\":3,\"name\":\"R\u00e8m c\u1eeda\"}]},{\"@type\":\"WebSite\",\"@id\":\"https:\/\/noithat.azdigi.shop\/#website\",\"url\":\"https:\/\/noithat.azdigi.shop\/\",\"name\":\"N\u1ed9i th\u1ea5t YLA\",\"description\":\"n\u1ed9i th\u1ea5t\",\"potentialAction\":[{\"@type\":\"SearchAction\",\"target\":{\"@type\":\"EntryPoint\",\"urlTemplate\":\"https:\/\/noithat.azdigi.shop\/?s={search_term_string}\"},\"query-input\":{\"@type\":\"PropertyValueSpecification\",\"valueRequired\":true,\"valueName\":\"search_term_string\"}}],\"inLanguage\":\"vi\"}]}<\/script>\n<!-- \/ Yoast SEO plugin. -->","yoast_head_json":{"title":"R\u00e8m c\u1eeda - N\u1ed9i th\u1ea5t YLA R\u00e8m c\u1eeda","description":"R\u00e8m c\u1eeda","robots":{"index":"index","follow":"follow","max-snippet":"max-snippet:-1","max-image-preview":"max-image-preview:large","max-video-preview":"max-video-preview:-1"},"canonical":"https:\/\/noithat.azdigi.shop\/?product=rem-cua","og_locale":"vi_VN","og_type":"article","og_title":"R\u00e8m c\u1eeda - N\u1ed9i th\u1ea5t YLA R\u00e8m c\u1eeda","og_description":"R\u00e8m c\u1eeda","og_url":"https:\/\/noithat.azdigi.shop\/?product=rem-cua","og_site_name":"N\u1ed9i th\u1ea5t YLA","article_modified_time":"2026-04-15T13:59:41+00:00","og_image":[{"width":1024,"height":1536,"url":"https:\/\/noithat.azdigi.shop\/wp-content\/uploads\/2026\/04\/IMG_2609.jpeg","type":"image\/jpeg"}],"twitter_card":"summary_large_image","twitter_misc":{"\u01af\u1edbc t\u00ednh th\u1eddi gian \u0111\u1ecdc":"3 ph\u00fat"},"schema":{"@context":"https:\/\/schema.org","@graph":[{"@type":"WebPage","@id":"https:\/\/noithat.azdigi.shop\/?product=rem-cua","url":"https:\/\/noithat.azdigi.shop\/?product=rem-cua","name":"R\u00e8m c\u1eeda - N\u1ed9i th\u1ea5t YLA R\u00e8m c\u1eeda","isPartOf":{"@id":"https:\/\/noithat.azdigi.shop\/#website"},"primaryImageOfPage":{"@id":"https:\/\/noithat.azdigi.shop\/?product=rem-cua#primaryimage"},"image":{"@id":"https:\/\/noithat.azdigi.shop\/?product=rem-cua#primaryimage"},"thumbnailUrl":"https:\/\/noithat.azdigi.shop\/wp-content\/uploads\/2026\/04\/IMG_2609.jpeg","datePublished":"2026-04-12T17:28:48+00:00","dateModified":"2026-04-15T13:59:41+00:00","description":"R\u00e8m c\u1eeda","breadcrumb":{"@id":"https:\/\/noithat.azdigi.shop\/?product=rem-cua#breadcrumb"},"inLanguage":"vi","potentialAction":[{"@type":"ReadAction","target":["https:\/\/noithat.azdigi.shop\/?product=rem-cua"]}]},{"@type":"ImageObject","inLanguage":"vi","@id":"https:\/\/noithat.azdigi.shop\/?product=rem-cua#primaryimage","url":"https:\/\/noithat.azdigi.shop\/wp-content\/uploads\/2026\/04\/IMG_2609.jpeg","contentUrl":"https:\/\/noithat.azdigi.shop\/wp-content\/uploads\/2026\/04\/IMG_2609.jpeg","width":1024,"height":1536},{"@type":"BreadcrumbList","@id":"https:\/\/noithat.azdigi.shop\/?product=rem-cua#breadcrumb","itemListElement":[{"@type":"ListItem","position":1,"name":"Trang ch\u1ee7","item":"https:\/\/noithat.azdigi.shop\/"},{"@type":"ListItem","position":2,"name":"C\u1eeda h\u00e0ng","item":"https:\/\/noithat.azdigi.shop\/?page_id=102"},{"@type":"ListItem","position":3,"name":"R\u00e8m c\u1eeda"}]},{"@type":"WebSite","@id":"https:\/\/noithat.azdigi.shop\/#website","url":"https:\/\/noithat.azdigi.shop\/","name":"N\u1ed9i th\u1ea5t YLA","description":"n\u1ed9i th\u1ea5t","potentialAction":[{"@type":"SearchAction","target":{"@type":"EntryPoint","urlTemplate":"https:\/\/noithat.azdigi.shop\/?s={search_term_string}"},"query-input":{"@type":"PropertyValueSpecification","valueRequired":true,"valueName":"search_term_string"}}],"inLanguage":"vi"}]}},"_links":{"self":[{"href":"https:\/\/noithat.azdigi.shop\/index.php?rest_route=\/wp\/v2\/product\/274","targetHints":{"allow":["GET"]}}],"collection":[{"href":"https:\/\/noithat.azdigi.shop\/index.php?rest_route=\/wp\/v2\/product"}],"about":[{"href":"https:\/\/noithat.azdigi.shop\/index.php?rest_route=\/wp\/v2\/types\/product"}],"replies":[{"embeddable":true,"href":"https:\/\/noithat.azdigi.shop\/index.php?rest_route=%2Fwp%2Fv2%2Fcomments&post=274"}],"wp:featuredmedia":[{"embeddable":true,"href":"https:\/\/noithat.azdigi.shop\/index.php?rest_route=\/wp\/v2\/media\/277"}],"wp:attachment":[{"href":"https:\/\/noithat.azdigi.shop\/index.php?rest_route=%2Fwp%2Fv2%2Fmedia&parent=274"}],"wp:term":[{"taxonomy":"product_brand","embeddable":true,"href":"https:\/\/noithat.azdigi.shop\/index.php?rest_route=%2Fwp%2Fv2%2Fproduct_brand&post=274"},{"taxonomy":"product_cat","embeddable":true,"href":"https:\/\/noithat.azdigi.shop\/index.php?rest_route=%2Fwp%2Fv2%2Fproduct_cat&post=274"},{"taxonomy":"product_tag","embeddable":true,"href":"https:\/\/noithat.azdigi.shop\/index.php?rest_route=%2Fwp%2Fv2%2Fproduct_tag&post=274"}],"curies":[{"name":"wp","href":"https:\/\/api.w.org\/{rel}","templated":true}]}}