{"id":248,"date":"2026-04-12T16:57:24","date_gmt":"2026-04-12T16:57:24","guid":{"rendered":"https:\/\/noithat.azdigi.shop\/?post_type=product&#038;p=248"},"modified":"2026-04-15T14:03:16","modified_gmt":"2026-04-15T14:03:16","slug":"ghe-luoi","status":"publish","type":"product","link":"https:\/\/noithat.azdigi.shop\/?product=ghe-luoi","title":{"rendered":"Gh\u1ebf l\u01b0\u1eddi"},"content":{"rendered":"<p>&nbsp;<\/p>\n<h1 data-start=\"80\" data-end=\"135\">GH\u1ebe L\u01af\u1edcI YLA \u2013 TH\u01af GI\u00c3N \u0110\u00daNG CH\u1ea4T, S\u1ed0NG CH\u1eacM M\u1ed6I NG\u00c0Y<\/h1>\n<div class=\"no-scrollbar flex min-h-36 flex-nowrap gap-0.5 overflow-auto sm:gap-1 sm:overflow-hidden xl:min-h-44 mt-1 mb-5 [&amp;:not(:first-child)]:mt-4\">\n<div class=\"border-token-border-default relative w-32 shrink-0 overflow-hidden rounded-xl border-[0.5px] md:shrink max-h-64 sm:w-[calc((100%-0.5rem)\/3)] rounded-s-xl\">\n<div class=\"group\/search-image @container\/search-image relative rounded-[inherit] h-full w-full\">\n<div><\/div>\n<\/div>\n<\/div>\n<div class=\"border-token-border-default relative w-32 shrink-0 overflow-hidden rounded-xl border-[0.5px] md:shrink max-h-64 sm:w-[calc((100%-0.5rem)\/3)]\">\n<div class=\"group\/search-image @container\/search-image relative rounded-[inherit] h-full w-full\">\n<div><\/div>\n<\/div>\n<\/div>\n<div class=\"border-token-border-default relative w-32 shrink-0 overflow-hidden rounded-xl border-[0.5px] md:shrink max-h-64 sm:w-[calc((100%-0.5rem)\/3)] rounded-e-xl\">\n<div class=\"group\/search-image @container\/search-image relative rounded-[inherit] h-full w-full\">\n<div><\/div>\n<\/div>\n<\/div>\n<\/div>\n<h2 data-start=\"179\" data-end=\"219\">1. Gh\u1ebf l\u01b0\u1eddi \u2013 G\u00f3c th\u01b0 gi\u00e3n l\u00fd t\u01b0\u1edfng<\/h2>\n<p data-start=\"220\" data-end=\"436\">Trong nh\u1ecbp s\u1ed1ng b\u1eadn r\u1ed9n, ai c\u0169ng c\u1ea7n m\u1ed9t g\u00f3c nh\u1ecf \u0111\u1ec3 ngh\u1ec9 ng\u01a1i, \u0111\u1ecdc s\u00e1ch hay \u0111\u01a1n gi\u1ea3n l\u00e0 \u201cl\u01b0\u1eddi\u201d \u0111\u00fang ngh\u0129a. Gh\u1ebf l\u01b0\u1eddi ch\u00ednh l\u00e0 m\u00f3n n\u1ed9i th\u1ea5t mang l\u1ea1i c\u1ea3m gi\u00e1c tho\u1ea3i m\u00e1i t\u1ed1i \u0111a, gi\u00fap b\u1ea1n th\u1ea3 l\u1ecfng c\u01a1 th\u1ec3 sau m\u1ed9t ng\u00e0y d\u00e0i.<\/p>\n<p data-start=\"438\" data-end=\"544\"><strong data-start=\"438\" data-end=\"454\">YLA Interior<\/strong> mang \u0111\u1ebfn c\u00e1c m\u1eabu gh\u1ebf l\u01b0\u1eddi v\u1eeba \u00eam \u00e1i, v\u1eeba th\u1ea9m m\u1ef9, ph\u00f9 h\u1ee3p nhi\u1ec1u kh\u00f4ng gian s\u1ed1ng hi\u1ec7n \u0111\u1ea1i.<\/p>\n<hr data-start=\"546\" data-end=\"549\" \/>\n<h2 data-start=\"551\" data-end=\"591\">2. \u01afu \u0111i\u1ec3m n\u1ed5i b\u1eadt c\u1ee7a gh\u1ebf l\u01b0\u1eddi YLA<\/h2>\n<h3 data-start=\"593\" data-end=\"630\">\u2728 \u00cam \u00e1i \u2013 linh ho\u1ea1t theo c\u01a1 th\u1ec3<\/h3>\n<ul data-start=\"631\" data-end=\"742\">\n<li data-start=\"631\" data-end=\"668\">H\u1ea1t x\u1ed1p m\u1ec1m m\u1ea1i, \u00f4m s\u00e1t d\u00e1ng ng\u1ed3i<\/li>\n<li data-start=\"669\" data-end=\"701\">T\u1ea1o c\u1ea3m gi\u00e1c th\u01b0 gi\u00e3n t\u1ed1i \u0111a<\/li>\n<li data-start=\"702\" data-end=\"742\">Ph\u00f9 h\u1ee3p nhi\u1ec1u t\u01b0 th\u1ebf: ng\u1ed3i, n\u1eb1m, t\u1ef1a<\/li>\n<\/ul>\n<h3 data-start=\"744\" data-end=\"783\">\u2728 Thi\u1ebft k\u1ebf nh\u1ecf g\u1ecdn \u2013 d\u1ec5 di chuy\u1ec3n<\/h3>\n<ul data-start=\"784\" data-end=\"898\">\n<li data-start=\"784\" data-end=\"823\">Tr\u1ecdng l\u01b0\u1ee3ng nh\u1eb9, d\u1ec5 thay \u0111\u1ed5i v\u1ecb tr\u00ed<\/li>\n<li data-start=\"824\" data-end=\"868\">Ph\u00f9 h\u1ee3p ph\u00f2ng ng\u1ee7, ph\u00f2ng kh\u00e1ch, ban c\u00f4ng<\/li>\n<li data-start=\"869\" data-end=\"898\">T\u1ed1i \u01b0u cho kh\u00f4ng gian nh\u1ecf<\/li>\n<\/ul>\n<h3 data-start=\"900\" data-end=\"925\">\u2728 Ch\u1ea5t li\u1ec7u b\u1ec1n \u0111\u1eb9p<\/h3>\n<ul data-start=\"926\" data-end=\"1049\">\n<li data-start=\"926\" data-end=\"963\">V\u1ecf gh\u1ebf ch\u1eafc ch\u1eafn, d\u1ec5 th\u00e1o v\u1ec7 sinh<\/li>\n<li data-start=\"964\" data-end=\"1001\">\u0110a d\u1ea1ng ch\u1ea5t li\u1ec7u: v\u1ea3i, nhung, da<\/li>\n<li data-start=\"1002\" data-end=\"1049\">M\u00e0u s\u1eafc phong ph\u00fa, ph\u00f9 h\u1ee3p nhi\u1ec1u phong c\u00e1ch<\/li>\n<\/ul>\n<h2 data-start=\"1477\" data-end=\"1514\">5. V\u00ec sao n\u00ean ch\u1ecdn gh\u1ebf l\u01b0\u1eddi YLA?<\/h2>\n<ul data-start=\"1516\" data-end=\"1678\">\n<li data-start=\"1516\" data-end=\"1557\">\u2714 Thi\u1ebft k\u1ebf hi\u1ec7n \u0111\u1ea1i, ph\u00f9 h\u1ee3p xu h\u01b0\u1edbng<\/li>\n<li data-start=\"1558\" data-end=\"1599\">\u2714 Ch\u1ea5t l\u01b0\u1ee3ng \u0111\u1ea3m b\u1ea3o, s\u1eed d\u1ee5ng l\u00e2u d\u00e0i<\/li>\n<li data-start=\"1600\" data-end=\"1635\">\u2714 Gi\u00e1 th\u00e0nh h\u1ee3p l\u00fd, d\u1ec5 ti\u1ebfp c\u1eadn<\/li>\n<li data-start=\"1636\" data-end=\"1678\">\u2714 T\u01b0 v\u1ea5n t\u1eadn t\u00e2m, ph\u00f9 h\u1ee3p t\u1eebng nhu c\u1ea7u<\/li>\n<\/ul>\n<hr data-start=\"1680\" data-end=\"1683\" \/>\n<h2 data-start=\"1685\" data-end=\"1742\">4. YLA \u2013 T\u1ea1o n\u00ean kh\u00f4ng gian s\u1ed1ng th\u01b0 gi\u00e3n \u0111\u00fang ngh\u0129a<\/h2>\n<p data-start=\"1744\" data-end=\"1853\">M\u1ed9t chi\u1ebfc gh\u1ebf l\u01b0\u1eddi kh\u00f4ng ch\u1ec9 l\u00e0 n\u01a1i ngh\u1ec9 ng\u01a1i m\u00e0 c\u00f2n l\u00e0 \u201cli\u1ec1u thu\u1ed1c tinh th\u1ea7n\u201d gi\u00fap b\u1ea1n c\u00e2n b\u1eb1ng cu\u1ed9c s\u1ed1ng.<\/p>\n<p data-start=\"1855\" data-end=\"1964\">V\u1edbi <strong data-start=\"1859\" data-end=\"1875\">YLA Interior<\/strong>, t\u1eebng s\u1ea3n ph\u1ea9m \u0111\u1ec1u h\u01b0\u1edbng \u0111\u1ebfn s\u1ef1 tho\u1ea3i m\u00e1i, ti\u1ec7n nghi v\u00e0 c\u1ea3m h\u1ee9ng s\u1ed1ng t\u00edch c\u1ef1c m\u1ed7i ng\u00e0y.<\/p>\n<p data-start=\"1966\" data-end=\"2045\">\ud83d\udc49 Li\u00ean h\u1ec7 ngay v\u1edbi YLA \u0111\u1ec3 s\u1edf h\u1eefu chi\u1ebfc gh\u1ebf l\u01b0\u1eddi \u201c\u00eam \u2013 xinh \u2013 \u0111\u00fang gu\u201d c\u1ee7a b\u1ea1n!<\/p>\n<p class=\"p1\"><span class=\"s1\"><a href=\"https:\/\/noithat.azdigi.shop\/?post_type=product\">MUA NGAY<\/a><\/span><\/p>\n<p class=\"p1\"><span class=\"s1\"><a href=\"https:\/\/www.oppein-home.com.vn\/phong-ngu\/?Ages&amp;gad_source=1&amp;gad_campaignid=23720234767&amp;gbraid=0AAAABBhUauLNWzXmWiwLBYFNNCrM0KanJ&amp;gclid=CjwKCAjwhe3OBhABEiwA6392zNw9qKbKR32uKdgJf-m5N5qhqvAmeC_mB6HphMXfcCVeSyR4n8gNjxoCRzcQAvD_BwE\">XEM THEM<\/a><\/span><\/p>\n","protected":false},"excerpt":{"rendered":"<p>&nbsp; GH\u1ebe L\u01af\u1edcI YLA \u2013 TH\u01af GI\u00c3N \u0110\u00daNG CH\u1ea4T, S\u1ed0NG CH\u1eacM M\u1ed6I NG\u00c0Y 1. Gh\u1ebf l\u01b0\u1eddi \u2013 G\u00f3c th\u01b0 gi\u00e3n l\u00fd t\u01b0\u1edfng Trong nh\u1ecbp s\u1ed1ng b\u1eadn r\u1ed9n, ai c\u0169ng c\u1ea7n m\u1ed9t g\u00f3c nh\u1ecf \u0111\u1ec3 ngh\u1ec9 ng\u01a1i, \u0111\u1ecdc s\u00e1ch hay \u0111\u01a1n gi\u1ea3n l\u00e0 \u201cl\u01b0\u1eddi\u201d \u0111\u00fang ngh\u0129a. Gh\u1ebf l\u01b0\u1eddi ch\u00ednh l\u00e0 m\u00f3n n\u1ed9i th\u1ea5t mang l\u1ea1i c\u1ea3m [&#8230;]\n","protected":false},"featured_media":249,"comment_status":"open","ping_status":"closed","template":"","meta":[],"product_brand":[],"product_cat":[31],"product_tag":[],"class_list":{"0":"post-248","1":"product","2":"type-product","3":"status-publish","4":"has-post-thumbnail","6":"product_cat-ban-ghe","8":"first","9":"instock","10":"shipping-taxable","11":"purchasable","12":"product-type-variable"},"yoast_head":"<!-- This site is optimized with the Yoast SEO plugin v26.9 - https:\/\/yoast.com\/product\/yoast-seo-wordpress\/ -->\n<title>Gh\u1ebf l\u01b0\u1eddi - N\u1ed9i th\u1ea5t YLA Gh\u1ebf l\u01b0\u1eddi<\/title>\n<meta name=\"description\" content=\"Gh\u1ebf l\u01b0\u1eddi\" \/>\n<meta name=\"robots\" content=\"index, follow, max-snippet:-1, max-image-preview:large, max-video-preview:-1\" \/>\n<link rel=\"canonical\" href=\"https:\/\/noithat.azdigi.shop\/?product=ghe-luoi\" \/>\n<meta property=\"og:locale\" content=\"vi_VN\" \/>\n<meta property=\"og:type\" content=\"article\" \/>\n<meta property=\"og:title\" content=\"Gh\u1ebf l\u01b0\u1eddi - N\u1ed9i th\u1ea5t YLA Gh\u1ebf l\u01b0\u1eddi\" \/>\n<meta property=\"og:description\" content=\"Gh\u1ebf l\u01b0\u1eddi\" \/>\n<meta property=\"og:url\" content=\"https:\/\/noithat.azdigi.shop\/?product=ghe-luoi\" \/>\n<meta property=\"og:site_name\" content=\"N\u1ed9i th\u1ea5t YLA\" \/>\n<meta property=\"article:modified_time\" content=\"2026-04-15T14:03:16+00:00\" \/>\n<meta property=\"og:image\" content=\"https:\/\/noithat.azdigi.shop\/wp-content\/uploads\/2026\/04\/IMG_2597.jpeg\" \/>\n\t<meta property=\"og:image:width\" content=\"1024\" \/>\n\t<meta property=\"og:image:height\" content=\"1536\" \/>\n\t<meta property=\"og:image:type\" content=\"image\/jpeg\" \/>\n<meta name=\"twitter:card\" content=\"summary_large_image\" \/>\n<meta name=\"twitter:label1\" content=\"\u01af\u1edbc t\u00ednh th\u1eddi gian \u0111\u1ecdc\" \/>\n\t<meta name=\"twitter:data1\" content=\"2 ph\u00fat\" \/>\n<script type=\"application\/ld+json\" class=\"yoast-schema-graph\">{\"@context\":\"https:\/\/schema.org\",\"@graph\":[{\"@type\":\"WebPage\",\"@id\":\"https:\/\/noithat.azdigi.shop\/?product=ghe-luoi\",\"url\":\"https:\/\/noithat.azdigi.shop\/?product=ghe-luoi\",\"name\":\"Gh\u1ebf l\u01b0\u1eddi - N\u1ed9i th\u1ea5t YLA Gh\u1ebf l\u01b0\u1eddi\",\"isPartOf\":{\"@id\":\"https:\/\/noithat.azdigi.shop\/#website\"},\"primaryImageOfPage\":{\"@id\":\"https:\/\/noithat.azdigi.shop\/?product=ghe-luoi#primaryimage\"},\"image\":{\"@id\":\"https:\/\/noithat.azdigi.shop\/?product=ghe-luoi#primaryimage\"},\"thumbnailUrl\":\"https:\/\/noithat.azdigi.shop\/wp-content\/uploads\/2026\/04\/IMG_2597.jpeg\",\"datePublished\":\"2026-04-12T16:57:24+00:00\",\"dateModified\":\"2026-04-15T14:03:16+00:00\",\"description\":\"Gh\u1ebf l\u01b0\u1eddi\",\"breadcrumb\":{\"@id\":\"https:\/\/noithat.azdigi.shop\/?product=ghe-luoi#breadcrumb\"},\"inLanguage\":\"vi\",\"potentialAction\":[{\"@type\":\"ReadAction\",\"target\":[\"https:\/\/noithat.azdigi.shop\/?product=ghe-luoi\"]}]},{\"@type\":\"ImageObject\",\"inLanguage\":\"vi\",\"@id\":\"https:\/\/noithat.azdigi.shop\/?product=ghe-luoi#primaryimage\",\"url\":\"https:\/\/noithat.azdigi.shop\/wp-content\/uploads\/2026\/04\/IMG_2597.jpeg\",\"contentUrl\":\"https:\/\/noithat.azdigi.shop\/wp-content\/uploads\/2026\/04\/IMG_2597.jpeg\",\"width\":1024,\"height\":1536},{\"@type\":\"BreadcrumbList\",\"@id\":\"https:\/\/noithat.azdigi.shop\/?product=ghe-luoi#breadcrumb\",\"itemListElement\":[{\"@type\":\"ListItem\",\"position\":1,\"name\":\"Trang ch\u1ee7\",\"item\":\"https:\/\/noithat.azdigi.shop\/\"},{\"@type\":\"ListItem\",\"position\":2,\"name\":\"C\u1eeda h\u00e0ng\",\"item\":\"https:\/\/noithat.azdigi.shop\/?page_id=102\"},{\"@type\":\"ListItem\",\"position\":3,\"name\":\"Gh\u1ebf l\u01b0\u1eddi\"}]},{\"@type\":\"WebSite\",\"@id\":\"https:\/\/noithat.azdigi.shop\/#website\",\"url\":\"https:\/\/noithat.azdigi.shop\/\",\"name\":\"N\u1ed9i th\u1ea5t YLA\",\"description\":\"n\u1ed9i th\u1ea5t\",\"potentialAction\":[{\"@type\":\"SearchAction\",\"target\":{\"@type\":\"EntryPoint\",\"urlTemplate\":\"https:\/\/noithat.azdigi.shop\/?s={search_term_string}\"},\"query-input\":{\"@type\":\"PropertyValueSpecification\",\"valueRequired\":true,\"valueName\":\"search_term_string\"}}],\"inLanguage\":\"vi\"}]}<\/script>\n<!-- \/ Yoast SEO plugin. -->","yoast_head_json":{"title":"Gh\u1ebf l\u01b0\u1eddi - N\u1ed9i th\u1ea5t YLA Gh\u1ebf l\u01b0\u1eddi","description":"Gh\u1ebf l\u01b0\u1eddi","robots":{"index":"index","follow":"follow","max-snippet":"max-snippet:-1","max-image-preview":"max-image-preview:large","max-video-preview":"max-video-preview:-1"},"canonical":"https:\/\/noithat.azdigi.shop\/?product=ghe-luoi","og_locale":"vi_VN","og_type":"article","og_title":"Gh\u1ebf l\u01b0\u1eddi - N\u1ed9i th\u1ea5t YLA Gh\u1ebf l\u01b0\u1eddi","og_description":"Gh\u1ebf l\u01b0\u1eddi","og_url":"https:\/\/noithat.azdigi.shop\/?product=ghe-luoi","og_site_name":"N\u1ed9i th\u1ea5t YLA","article_modified_time":"2026-04-15T14:03:16+00:00","og_image":[{"width":1024,"height":1536,"url":"https:\/\/noithat.azdigi.shop\/wp-content\/uploads\/2026\/04\/IMG_2597.jpeg","type":"image\/jpeg"}],"twitter_card":"summary_large_image","twitter_misc":{"\u01af\u1edbc t\u00ednh th\u1eddi gian \u0111\u1ecdc":"2 ph\u00fat"},"schema":{"@context":"https:\/\/schema.org","@graph":[{"@type":"WebPage","@id":"https:\/\/noithat.azdigi.shop\/?product=ghe-luoi","url":"https:\/\/noithat.azdigi.shop\/?product=ghe-luoi","name":"Gh\u1ebf l\u01b0\u1eddi - N\u1ed9i th\u1ea5t YLA Gh\u1ebf l\u01b0\u1eddi","isPartOf":{"@id":"https:\/\/noithat.azdigi.shop\/#website"},"primaryImageOfPage":{"@id":"https:\/\/noithat.azdigi.shop\/?product=ghe-luoi#primaryimage"},"image":{"@id":"https:\/\/noithat.azdigi.shop\/?product=ghe-luoi#primaryimage"},"thumbnailUrl":"https:\/\/noithat.azdigi.shop\/wp-content\/uploads\/2026\/04\/IMG_2597.jpeg","datePublished":"2026-04-12T16:57:24+00:00","dateModified":"2026-04-15T14:03:16+00:00","description":"Gh\u1ebf l\u01b0\u1eddi","breadcrumb":{"@id":"https:\/\/noithat.azdigi.shop\/?product=ghe-luoi#breadcrumb"},"inLanguage":"vi","potentialAction":[{"@type":"ReadAction","target":["https:\/\/noithat.azdigi.shop\/?product=ghe-luoi"]}]},{"@type":"ImageObject","inLanguage":"vi","@id":"https:\/\/noithat.azdigi.shop\/?product=ghe-luoi#primaryimage","url":"https:\/\/noithat.azdigi.shop\/wp-content\/uploads\/2026\/04\/IMG_2597.jpeg","contentUrl":"https:\/\/noithat.azdigi.shop\/wp-content\/uploads\/2026\/04\/IMG_2597.jpeg","width":1024,"height":1536},{"@type":"BreadcrumbList","@id":"https:\/\/noithat.azdigi.shop\/?product=ghe-luoi#breadcrumb","itemListElement":[{"@type":"ListItem","position":1,"name":"Trang ch\u1ee7","item":"https:\/\/noithat.azdigi.shop\/"},{"@type":"ListItem","position":2,"name":"C\u1eeda h\u00e0ng","item":"https:\/\/noithat.azdigi.shop\/?page_id=102"},{"@type":"ListItem","position":3,"name":"Gh\u1ebf l\u01b0\u1eddi"}]},{"@type":"WebSite","@id":"https:\/\/noithat.azdigi.shop\/#website","url":"https:\/\/noithat.azdigi.shop\/","name":"N\u1ed9i th\u1ea5t YLA","description":"n\u1ed9i th\u1ea5t","potentialAction":[{"@type":"SearchAction","target":{"@type":"EntryPoint","urlTemplate":"https:\/\/noithat.azdigi.shop\/?s={search_term_string}"},"query-input":{"@type":"PropertyValueSpecification","valueRequired":true,"valueName":"search_term_string"}}],"inLanguage":"vi"}]}},"_links":{"self":[{"href":"https:\/\/noithat.azdigi.shop\/index.php?rest_route=\/wp\/v2\/product\/248","targetHints":{"allow":["GET"]}}],"collection":[{"href":"https:\/\/noithat.azdigi.shop\/index.php?rest_route=\/wp\/v2\/product"}],"about":[{"href":"https:\/\/noithat.azdigi.shop\/index.php?rest_route=\/wp\/v2\/types\/product"}],"replies":[{"embeddable":true,"href":"https:\/\/noithat.azdigi.shop\/index.php?rest_route=%2Fwp%2Fv2%2Fcomments&post=248"}],"wp:featuredmedia":[{"embeddable":true,"href":"https:\/\/noithat.azdigi.shop\/index.php?rest_route=\/wp\/v2\/media\/249"}],"wp:attachment":[{"href":"https:\/\/noithat.azdigi.shop\/index.php?rest_route=%2Fwp%2Fv2%2Fmedia&parent=248"}],"wp:term":[{"taxonomy":"product_brand","embeddable":true,"href":"https:\/\/noithat.azdigi.shop\/index.php?rest_route=%2Fwp%2Fv2%2Fproduct_brand&post=248"},{"taxonomy":"product_cat","embeddable":true,"href":"https:\/\/noithat.azdigi.shop\/index.php?rest_route=%2Fwp%2Fv2%2Fproduct_cat&post=248"},{"taxonomy":"product_tag","embeddable":true,"href":"https:\/\/noithat.azdigi.shop\/index.php?rest_route=%2Fwp%2Fv2%2Fproduct_tag&post=248"}],"curies":[{"name":"wp","href":"https:\/\/api.w.org\/{rel}","templated":true}]}}