{"id":219,"date":"2026-04-04T03:29:09","date_gmt":"2026-04-04T03:29:09","guid":{"rendered":"https:\/\/noithat.azdigi.shop\/?post_type=product&#038;p=219"},"modified":"2026-04-15T14:06:00","modified_gmt":"2026-04-15T14:06:00","slug":"ban-trang-diem-premium","status":"publish","type":"product","link":"https:\/\/noithat.azdigi.shop\/?product=ban-trang-diem-premium","title":{"rendered":"B\u00e0n trang \u0111i\u1ec3m premium"},"content":{"rendered":"<p data-start=\"85\" data-end=\"378\">Trong nh\u1ecbp s\u1ed1ng hi\u1ec7n \u0111\u1ea1i, vi\u1ec7c s\u1edf h\u1eefu m\u1ed9t g\u00f3c l\u00e0m \u0111\u1eb9p ti\u1ec7n nghi, tinh t\u1ebf kh\u00f4ng ch\u1ec9 gi\u00fap b\u1ea1n ch\u0103m s\u00f3c b\u1ea3n th\u00e2n t\u1ed1t h\u01a1n m\u00e0 c\u00f2n n\u00e2ng t\u1ea7m kh\u00f4ng gian s\u1ed1ng. B\u00e0n trang \u0111i\u1ec3m chu\u1ea9n Yoseo \u0111ang tr\u1edf th\u00e0nh xu h\u01b0\u1edbng \u0111\u01b0\u1ee3c nhi\u1ec1u ng\u01b0\u1eddi y\u00eau th\u00edch nh\u1edd thi\u1ebft k\u1ebf th\u00f4ng minh, th\u1ea9m m\u1ef9 cao v\u00e0 t\u00ednh \u1ee9ng d\u1ee5ng v\u01b0\u1ee3t tr\u1ed9i.<\/p>\n<h3 data-section-id=\"1x2iny6\" data-start=\"380\" data-end=\"417\"><span role=\"text\"><strong data-start=\"384\" data-end=\"417\">1. Thi\u1ebft k\u1ebf tinh t\u1ebf, hi\u1ec7n \u0111\u1ea1i<\/strong><\/span><\/h3>\n<p><a href=\"https:\/\/noithat.azdigi.shop\/?post_type=product\">MUA NGAY<\/a><\/p>\n<p><a href=\"https:\/\/hungphatsaigon.vn\/shop\/bo-salon-go-soi-nga-nhap-khau-hs-032vy\">XEM THEM<\/a><\/p>\n<h3 data-section-id=\"1ohh2m7\" data-start=\"725\" data-end=\"760\"><span role=\"text\"><strong data-start=\"729\" data-end=\"760\">2. T\u1ed1i \u01b0u c\u00f4ng n\u0103ng s\u1eed d\u1ee5ng<\/strong><\/span><\/h3>\n<p data-start=\"761\" data-end=\"830\">\u0110i\u1ec3m \u0111\u1eb7c bi\u1ec7t c\u1ee7a b\u00e0n trang \u0111i\u1ec3m Yoseo n\u1eb1m \u1edf s\u1ef1 t\u1ed1i \u01b0u h\u00f3a c\u00f4ng n\u0103ng:<\/p>\n<ul data-start=\"831\" data-end=\"1073\">\n<li data-section-id=\"63jikv\" data-start=\"831\" data-end=\"911\"><strong data-start=\"833\" data-end=\"859\">G\u01b0\u01a1ng t\u00edch h\u1ee3p \u0111\u00e8n LED<\/strong>: \u00c1nh s\u00e1ng chu\u1ea9n gi\u00fap vi\u1ec7c trang \u0111i\u1ec3m ch\u00ednh x\u00e1c h\u01a1n.<\/li>\n<li data-section-id=\"zgtc2h\" data-start=\"912\" data-end=\"995\"><strong data-start=\"914\" data-end=\"937\">Ng\u0103n k\u00e9o th\u00f4ng minh<\/strong>: Ph\u00e2n chia khoa h\u1ecdc, d\u1ec5 d\u00e0ng s\u1eafp x\u1ebfp m\u1ef9 ph\u1ea9m v\u00e0 ph\u1ee5 ki\u1ec7n.<\/li>\n<li data-section-id=\"19r04go\" data-start=\"996\" data-end=\"1073\"><strong data-start=\"998\" data-end=\"1018\">Thi\u1ebft k\u1ebf \u0111a n\u0103ng<\/strong>: C\u00f3 th\u1ec3 k\u1ebft h\u1ee3p l\u00e0m b\u00e0n l\u00e0m vi\u1ec7c ho\u1eb7c b\u00e0n h\u1ecdc khi c\u1ea7n.<\/li>\n<\/ul>\n","protected":false},"excerpt":{"rendered":"<p>Trong nh\u1ecbp s\u1ed1ng hi\u1ec7n \u0111\u1ea1i, vi\u1ec7c s\u1edf h\u1eefu m\u1ed9t g\u00f3c l\u00e0m \u0111\u1eb9p ti\u1ec7n nghi, tinh t\u1ebf kh\u00f4ng ch\u1ec9 gi\u00fap b\u1ea1n ch\u0103m s\u00f3c b\u1ea3n th\u00e2n t\u1ed1t h\u01a1n m\u00e0 c\u00f2n n\u00e2ng t\u1ea7m kh\u00f4ng gian s\u1ed1ng. B\u00e0n trang \u0111i\u1ec3m chu\u1ea9n Yoseo \u0111ang tr\u1edf th\u00e0nh xu h\u01b0\u1edbng \u0111\u01b0\u1ee3c nhi\u1ec1u ng\u01b0\u1eddi y\u00eau th\u00edch nh\u1edd thi\u1ebft k\u1ebf th\u00f4ng minh, th\u1ea9m m\u1ef9 [&#8230;]\n","protected":false},"featured_media":223,"comment_status":"open","ping_status":"closed","template":"","meta":[],"product_brand":[],"product_cat":[32],"product_tag":[],"class_list":{"0":"post-219","1":"product","2":"type-product","3":"status-publish","4":"has-post-thumbnail","6":"product_cat-ban-trang-diem","8":"first","9":"instock","10":"shipping-taxable","11":"purchasable","12":"product-type-variable"},"yoast_head":"<!-- This site is optimized with the Yoast SEO plugin v26.9 - https:\/\/yoast.com\/product\/yoast-seo-wordpress\/ -->\n<title>B\u00e0n trang \u0111i\u1ec3m premium - N\u1ed9i th\u1ea5t YLA b\u00e0n trang \u0111i\u1ec3m premium l\u1ef1a ch\u1ecdn t\u1ed1t|||||||||<\/title>\n<meta name=\"description\" content=\"Trong nh\u1ecbp s\u1ed1ng hi\u1ec7n \u0111\u1ea1i, vi\u1ec7c s\u1edf h\u1eefu m\u1ed9t g\u00f3c l\u00e0m \u0111\u1eb9p ti\u1ec7n nghi, tinh t\u1ebf kh\u00f4ng ch\u1ec9 gi\u00fap b\u1ea1n ch\u0103m s\u00f3c b\u1ea3n th\u00e2n t\u1ed1t h\u01a1n m\u00e0 c\u00f2n n\u00e2ng t\u1ea7m kh\u00f4ng gian s\u1ed1ng.......\" \/>\n<meta name=\"robots\" content=\"index, follow, max-snippet:-1, max-image-preview:large, max-video-preview:-1\" \/>\n<link rel=\"canonical\" href=\"https:\/\/noithat.azdigi.shop\/?product=ban-trang-diem-premium\" \/>\n<meta property=\"og:locale\" content=\"vi_VN\" \/>\n<meta property=\"og:type\" content=\"article\" \/>\n<meta property=\"og:title\" content=\"B\u00e0n trang \u0111i\u1ec3m premium - N\u1ed9i th\u1ea5t YLA b\u00e0n trang \u0111i\u1ec3m premium l\u1ef1a ch\u1ecdn t\u1ed1t|||||||||\" \/>\n<meta property=\"og:description\" content=\"Trong nh\u1ecbp s\u1ed1ng hi\u1ec7n \u0111\u1ea1i, vi\u1ec7c s\u1edf h\u1eefu m\u1ed9t g\u00f3c l\u00e0m \u0111\u1eb9p ti\u1ec7n nghi, tinh t\u1ebf kh\u00f4ng ch\u1ec9 gi\u00fap b\u1ea1n ch\u0103m s\u00f3c b\u1ea3n th\u00e2n t\u1ed1t h\u01a1n m\u00e0 c\u00f2n n\u00e2ng t\u1ea7m kh\u00f4ng gian s\u1ed1ng.......\" \/>\n<meta property=\"og:url\" content=\"https:\/\/noithat.azdigi.shop\/?product=ban-trang-diem-premium\" \/>\n<meta property=\"og:site_name\" content=\"N\u1ed9i th\u1ea5t YLA\" \/>\n<meta property=\"article:modified_time\" content=\"2026-04-15T14:06:00+00:00\" \/>\n<meta property=\"og:image\" content=\"https:\/\/noithat.azdigi.shop\/wp-content\/uploads\/2026\/04\/068b735a2a12ab4cf203.jpg\" \/>\n\t<meta property=\"og:image:width\" content=\"640\" \/>\n\t<meta property=\"og:image:height\" content=\"1136\" \/>\n\t<meta property=\"og:image:type\" content=\"image\/jpeg\" \/>\n<meta name=\"twitter:card\" content=\"summary_large_image\" \/>\n<meta name=\"twitter:label1\" content=\"\u01af\u1edbc t\u00ednh th\u1eddi gian \u0111\u1ecdc\" \/>\n\t<meta name=\"twitter:data1\" content=\"1 ph\u00fat\" \/>\n<script type=\"application\/ld+json\" class=\"yoast-schema-graph\">{\"@context\":\"https:\/\/schema.org\",\"@graph\":[{\"@type\":\"WebPage\",\"@id\":\"https:\/\/noithat.azdigi.shop\/?product=ban-trang-diem-premium\",\"url\":\"https:\/\/noithat.azdigi.shop\/?product=ban-trang-diem-premium\",\"name\":\"B\u00e0n trang \u0111i\u1ec3m premium - N\u1ed9i th\u1ea5t YLA b\u00e0n trang \u0111i\u1ec3m premium l\u1ef1a ch\u1ecdn t\u1ed1t|||||||||\",\"isPartOf\":{\"@id\":\"https:\/\/noithat.azdigi.shop\/#website\"},\"primaryImageOfPage\":{\"@id\":\"https:\/\/noithat.azdigi.shop\/?product=ban-trang-diem-premium#primaryimage\"},\"image\":{\"@id\":\"https:\/\/noithat.azdigi.shop\/?product=ban-trang-diem-premium#primaryimage\"},\"thumbnailUrl\":\"https:\/\/noithat.azdigi.shop\/wp-content\/uploads\/2026\/04\/068b735a2a12ab4cf203.jpg\",\"datePublished\":\"2026-04-04T03:29:09+00:00\",\"dateModified\":\"2026-04-15T14:06:00+00:00\",\"description\":\"Trong nh\u1ecbp s\u1ed1ng hi\u1ec7n \u0111\u1ea1i, vi\u1ec7c s\u1edf h\u1eefu m\u1ed9t g\u00f3c l\u00e0m \u0111\u1eb9p ti\u1ec7n nghi, tinh t\u1ebf kh\u00f4ng ch\u1ec9 gi\u00fap b\u1ea1n ch\u0103m s\u00f3c b\u1ea3n th\u00e2n t\u1ed1t h\u01a1n m\u00e0 c\u00f2n n\u00e2ng t\u1ea7m kh\u00f4ng gian s\u1ed1ng.......\",\"breadcrumb\":{\"@id\":\"https:\/\/noithat.azdigi.shop\/?product=ban-trang-diem-premium#breadcrumb\"},\"inLanguage\":\"vi\",\"potentialAction\":[{\"@type\":\"ReadAction\",\"target\":[\"https:\/\/noithat.azdigi.shop\/?product=ban-trang-diem-premium\"]}]},{\"@type\":\"ImageObject\",\"inLanguage\":\"vi\",\"@id\":\"https:\/\/noithat.azdigi.shop\/?product=ban-trang-diem-premium#primaryimage\",\"url\":\"https:\/\/noithat.azdigi.shop\/wp-content\/uploads\/2026\/04\/068b735a2a12ab4cf203.jpg\",\"contentUrl\":\"https:\/\/noithat.azdigi.shop\/wp-content\/uploads\/2026\/04\/068b735a2a12ab4cf203.jpg\",\"width\":640,\"height\":1136},{\"@type\":\"BreadcrumbList\",\"@id\":\"https:\/\/noithat.azdigi.shop\/?product=ban-trang-diem-premium#breadcrumb\",\"itemListElement\":[{\"@type\":\"ListItem\",\"position\":1,\"name\":\"Trang ch\u1ee7\",\"item\":\"https:\/\/noithat.azdigi.shop\/\"},{\"@type\":\"ListItem\",\"position\":2,\"name\":\"C\u1eeda h\u00e0ng\",\"item\":\"https:\/\/noithat.azdigi.shop\/?page_id=102\"},{\"@type\":\"ListItem\",\"position\":3,\"name\":\"B\u00e0n trang \u0111i\u1ec3m premium\"}]},{\"@type\":\"WebSite\",\"@id\":\"https:\/\/noithat.azdigi.shop\/#website\",\"url\":\"https:\/\/noithat.azdigi.shop\/\",\"name\":\"N\u1ed9i th\u1ea5t YLA\",\"description\":\"n\u1ed9i th\u1ea5t\",\"potentialAction\":[{\"@type\":\"SearchAction\",\"target\":{\"@type\":\"EntryPoint\",\"urlTemplate\":\"https:\/\/noithat.azdigi.shop\/?s={search_term_string}\"},\"query-input\":{\"@type\":\"PropertyValueSpecification\",\"valueRequired\":true,\"valueName\":\"search_term_string\"}}],\"inLanguage\":\"vi\"}]}<\/script>\n<!-- \/ Yoast SEO plugin. -->","yoast_head_json":{"title":"B\u00e0n trang \u0111i\u1ec3m premium - N\u1ed9i th\u1ea5t YLA b\u00e0n trang \u0111i\u1ec3m premium l\u1ef1a ch\u1ecdn t\u1ed1t|||||||||","description":"Trong nh\u1ecbp s\u1ed1ng hi\u1ec7n \u0111\u1ea1i, vi\u1ec7c s\u1edf h\u1eefu m\u1ed9t g\u00f3c l\u00e0m \u0111\u1eb9p ti\u1ec7n nghi, tinh t\u1ebf kh\u00f4ng ch\u1ec9 gi\u00fap b\u1ea1n ch\u0103m s\u00f3c b\u1ea3n th\u00e2n t\u1ed1t h\u01a1n m\u00e0 c\u00f2n n\u00e2ng t\u1ea7m kh\u00f4ng gian s\u1ed1ng.......","robots":{"index":"index","follow":"follow","max-snippet":"max-snippet:-1","max-image-preview":"max-image-preview:large","max-video-preview":"max-video-preview:-1"},"canonical":"https:\/\/noithat.azdigi.shop\/?product=ban-trang-diem-premium","og_locale":"vi_VN","og_type":"article","og_title":"B\u00e0n trang \u0111i\u1ec3m premium - N\u1ed9i th\u1ea5t YLA b\u00e0n trang \u0111i\u1ec3m premium l\u1ef1a ch\u1ecdn t\u1ed1t|||||||||","og_description":"Trong nh\u1ecbp s\u1ed1ng hi\u1ec7n \u0111\u1ea1i, vi\u1ec7c s\u1edf h\u1eefu m\u1ed9t g\u00f3c l\u00e0m \u0111\u1eb9p ti\u1ec7n nghi, tinh t\u1ebf kh\u00f4ng ch\u1ec9 gi\u00fap b\u1ea1n ch\u0103m s\u00f3c b\u1ea3n th\u00e2n t\u1ed1t h\u01a1n m\u00e0 c\u00f2n n\u00e2ng t\u1ea7m kh\u00f4ng gian s\u1ed1ng.......","og_url":"https:\/\/noithat.azdigi.shop\/?product=ban-trang-diem-premium","og_site_name":"N\u1ed9i th\u1ea5t YLA","article_modified_time":"2026-04-15T14:06:00+00:00","og_image":[{"width":640,"height":1136,"url":"https:\/\/noithat.azdigi.shop\/wp-content\/uploads\/2026\/04\/068b735a2a12ab4cf203.jpg","type":"image\/jpeg"}],"twitter_card":"summary_large_image","twitter_misc":{"\u01af\u1edbc t\u00ednh th\u1eddi gian \u0111\u1ecdc":"1 ph\u00fat"},"schema":{"@context":"https:\/\/schema.org","@graph":[{"@type":"WebPage","@id":"https:\/\/noithat.azdigi.shop\/?product=ban-trang-diem-premium","url":"https:\/\/noithat.azdigi.shop\/?product=ban-trang-diem-premium","name":"B\u00e0n trang \u0111i\u1ec3m premium - N\u1ed9i th\u1ea5t YLA b\u00e0n trang \u0111i\u1ec3m premium l\u1ef1a ch\u1ecdn t\u1ed1t|||||||||","isPartOf":{"@id":"https:\/\/noithat.azdigi.shop\/#website"},"primaryImageOfPage":{"@id":"https:\/\/noithat.azdigi.shop\/?product=ban-trang-diem-premium#primaryimage"},"image":{"@id":"https:\/\/noithat.azdigi.shop\/?product=ban-trang-diem-premium#primaryimage"},"thumbnailUrl":"https:\/\/noithat.azdigi.shop\/wp-content\/uploads\/2026\/04\/068b735a2a12ab4cf203.jpg","datePublished":"2026-04-04T03:29:09+00:00","dateModified":"2026-04-15T14:06:00+00:00","description":"Trong nh\u1ecbp s\u1ed1ng hi\u1ec7n \u0111\u1ea1i, vi\u1ec7c s\u1edf h\u1eefu m\u1ed9t g\u00f3c l\u00e0m \u0111\u1eb9p ti\u1ec7n nghi, tinh t\u1ebf kh\u00f4ng ch\u1ec9 gi\u00fap b\u1ea1n ch\u0103m s\u00f3c b\u1ea3n th\u00e2n t\u1ed1t h\u01a1n m\u00e0 c\u00f2n n\u00e2ng t\u1ea7m kh\u00f4ng gian s\u1ed1ng.......","breadcrumb":{"@id":"https:\/\/noithat.azdigi.shop\/?product=ban-trang-diem-premium#breadcrumb"},"inLanguage":"vi","potentialAction":[{"@type":"ReadAction","target":["https:\/\/noithat.azdigi.shop\/?product=ban-trang-diem-premium"]}]},{"@type":"ImageObject","inLanguage":"vi","@id":"https:\/\/noithat.azdigi.shop\/?product=ban-trang-diem-premium#primaryimage","url":"https:\/\/noithat.azdigi.shop\/wp-content\/uploads\/2026\/04\/068b735a2a12ab4cf203.jpg","contentUrl":"https:\/\/noithat.azdigi.shop\/wp-content\/uploads\/2026\/04\/068b735a2a12ab4cf203.jpg","width":640,"height":1136},{"@type":"BreadcrumbList","@id":"https:\/\/noithat.azdigi.shop\/?product=ban-trang-diem-premium#breadcrumb","itemListElement":[{"@type":"ListItem","position":1,"name":"Trang ch\u1ee7","item":"https:\/\/noithat.azdigi.shop\/"},{"@type":"ListItem","position":2,"name":"C\u1eeda h\u00e0ng","item":"https:\/\/noithat.azdigi.shop\/?page_id=102"},{"@type":"ListItem","position":3,"name":"B\u00e0n trang \u0111i\u1ec3m premium"}]},{"@type":"WebSite","@id":"https:\/\/noithat.azdigi.shop\/#website","url":"https:\/\/noithat.azdigi.shop\/","name":"N\u1ed9i th\u1ea5t YLA","description":"n\u1ed9i th\u1ea5t","potentialAction":[{"@type":"SearchAction","target":{"@type":"EntryPoint","urlTemplate":"https:\/\/noithat.azdigi.shop\/?s={search_term_string}"},"query-input":{"@type":"PropertyValueSpecification","valueRequired":true,"valueName":"search_term_string"}}],"inLanguage":"vi"}]}},"_links":{"self":[{"href":"https:\/\/noithat.azdigi.shop\/index.php?rest_route=\/wp\/v2\/product\/219","targetHints":{"allow":["GET"]}}],"collection":[{"href":"https:\/\/noithat.azdigi.shop\/index.php?rest_route=\/wp\/v2\/product"}],"about":[{"href":"https:\/\/noithat.azdigi.shop\/index.php?rest_route=\/wp\/v2\/types\/product"}],"replies":[{"embeddable":true,"href":"https:\/\/noithat.azdigi.shop\/index.php?rest_route=%2Fwp%2Fv2%2Fcomments&post=219"}],"wp:featuredmedia":[{"embeddable":true,"href":"https:\/\/noithat.azdigi.shop\/index.php?rest_route=\/wp\/v2\/media\/223"}],"wp:attachment":[{"href":"https:\/\/noithat.azdigi.shop\/index.php?rest_route=%2Fwp%2Fv2%2Fmedia&parent=219"}],"wp:term":[{"taxonomy":"product_brand","embeddable":true,"href":"https:\/\/noithat.azdigi.shop\/index.php?rest_route=%2Fwp%2Fv2%2Fproduct_brand&post=219"},{"taxonomy":"product_cat","embeddable":true,"href":"https:\/\/noithat.azdigi.shop\/index.php?rest_route=%2Fwp%2Fv2%2Fproduct_cat&post=219"},{"taxonomy":"product_tag","embeddable":true,"href":"https:\/\/noithat.azdigi.shop\/index.php?rest_route=%2Fwp%2Fv2%2Fproduct_tag&post=219"}],"curies":[{"name":"wp","href":"https:\/\/api.w.org\/{rel}","templated":true}]}}